{"id":1005,"date":"2024-01-15T23:47:54","date_gmt":"2024-01-15T22:47:54","guid":{"rendered":"https:\/\/serwer1391483.home.pl\/nowa\/index.php\/oferta\/urzadzenia\/stacje-przygotowywania-roztworow-copy\/"},"modified":"2024-01-15T23:53:32","modified_gmt":"2024-01-15T22:53:32","slug":"stacje-uzdatniania-wody-demineralizowanej","status":"publish","type":"page","link":"https:\/\/aquaseen.pl\/index.php\/oferta\/urzadzenia\/stacje-uzdatniania-wody-demineralizowanej\/","title":{"rendered":"Stacje uzdatniania wody demineralizowanej"},"content":{"rendered":"<div id='av_section_1'  class='avia-section av-1a3kje-3e1b714d1a2fb75c716d839beae79ff5 main_color avia-section-default avia-no-border-styling  avia-builder-el-0  el_before_av_section  avia-builder-el-first  avia-bg-style-scroll container_wrap sidebar_right'  ><div class='container av-section-cont-open' ><main  role=\"main\" itemprop=\"mainContentOfPage\"  class='template-page content  av-content-small alpha units'><div class='post-entry post-entry-type-page post-entry-1005'><div class='entry-content-wrapper clearfix'>\n<div  class='flex_column av-12hjki-7453cac6976c6d31f98c00b446d5f3a0 av_one_full  avia-builder-el-1  avia-builder-el-no-sibling  first flex_column_div  '     ><style type=\"text\/css\" data-created_by=\"avia_inline_auto\" id=\"style-css-av-lr92rwqo-b0d6d13325cf5e4a51365acd31a70dbf\">\n#top .av-special-heading.av-lr92rwqo-b0d6d13325cf5e4a51365acd31a70dbf{\npadding-bottom:10px;\n}\nbody .av-special-heading.av-lr92rwqo-b0d6d13325cf5e4a51365acd31a70dbf .av-special-heading-tag .heading-char{\nfont-size:25px;\n}\n.av-special-heading.av-lr92rwqo-b0d6d13325cf5e4a51365acd31a70dbf .av-subheading{\nfont-size:15px;\n}\n<\/style>\n<div  class='av-special-heading av-lr92rwqo-b0d6d13325cf5e4a51365acd31a70dbf av-special-heading-h1 blockquote modern-quote modern-centered  avia-builder-el-2  avia-builder-el-no-sibling '><div class='av-subheading av-subheading_above'><p>Urz\u0105dzenia<\/p>\n<\/div><h1 class='av-special-heading-tag'  itemprop=\"headline\"  >Stacje uzdatniania wody demineralizowanej<\/h1><div class=\"special-heading-border\"><div class=\"special-heading-inner-border\"><\/div><\/div><\/div><\/div><\/div><\/div><\/main><!-- close content main element --><\/div><\/div><div id='av_section_2'  class='avia-section av-uw1w2-70134579c39d574518766d67354ebce9 main_color avia-section-default avia-no-border-styling  avia-builder-el-3  el_after_av_section  el_before_av_one_full  avia-bg-style-scroll container_wrap sidebar_right'  ><div class='container av-section-cont-open' ><div class='template-page content  av-content-small alpha units'><div class='post-entry post-entry-type-page post-entry-1005'><div class='entry-content-wrapper clearfix'>\n<div  class='flex_column av-av_one_fourth-d6d4c73de305a8665702a8c43a39b6de av_one_fourth  avia-builder-el-4  el_before_av_one_half  avia-builder-el-first  first flex_column_div  '     ><\/div><div  class='flex_column av-qvtre-b0c03e3689c82f1413709787340a3ac2 av_one_half  avia-builder-el-5  el_after_av_one_fourth  avia-builder-el-last  flex_column_div  '     ><style type=\"text\/css\" data-created_by=\"avia_inline_auto\" id=\"style-css-av-lr92sf0q-b13ee417557c459cf304b4ed82c136b4\">\n#top .av_textblock_section.av-lr92sf0q-b13ee417557c459cf304b4ed82c136b4 .avia_textblock{\nfont-size:16px;\ntext-align:left;\n}\n<\/style>\n<section  class='av_textblock_section av-lr92sf0q-b13ee417557c459cf304b4ed82c136b4 '   itemscope=\"itemscope\" itemtype=\"https:\/\/schema.org\/CreativeWork\" ><div class='avia_textblock'  itemprop=\"text\" ><p>Projektujemy i\u00a0instalujemy przemys\u0142owe urz\u0105dzenia do\u00a0uzdatniania wody.<br \/>\nZapewniamy doradztwo w\u00a0doborze w\u0142a\u015bciwych technologii i\u00a0oferujemy serwis techniczny w\u00a0okresie gwarancyjnym i\u00a0pogwarancyjnym.<\/p>\n<p>Projektujemy oraz wykonujemy instalacje uzdatniania wody oparte o tradycyjne metody:<\/p>\n<ul>\n<li>filtracja,<\/li>\n<li>od\u017celazianie,<\/li>\n<li>odmanganianie,<\/li>\n<li>zmi\u0119kczanie,<\/li>\n<li>dekarbonizacja,<\/li>\n<li>demineralizacja,<\/li>\n<li>dezynfekcja<\/li>\n<li>oparte o technologie membranowe:<\/li>\n<li>mikrofiltracja<\/li>\n<li>nanofiltracja.<\/li>\n<li>ultrafiltracja<\/li>\n<li>odwr\u00f3cona osmoza,<\/li>\n<li>Elektrodejonizacja<\/li>\n<\/ul>\n<p>Projektujemy i wykonujemy \u00a0stacje oczyszczania, uzdatniania, zmi\u0119kczania i demineralizacji wody dla ka\u017cdego sektora przemys\u0142owego.<\/p>\n<p>Kompleksowe wykonawstwo obejmuje dob\u00f3r technologii, projektowanie, roboty budowlane i instalacyjne, uruchomienia i rozruchy.<\/p>\n<p>Projekty stacji opieraj\u0105 si\u0119 pocz\u0105wszy od proces\u00f3w klasycznych takich jak str\u0105canie, koagulacja, flotacja, sedymentacja, filtracja, sorpcja po procesy membranowe takie jak: mikrofiltracja, ultrafiltracja, nanofiltracja, odw\u00f3rcona osmoza, elektro dejonizacja, odgazowanie membranowe, odgazowanie chemiczne wody. Dostosowujemy rozwi\u0105zanie technologiczne do wymaga\u0144 klienta, spe\u0142niaj\u0105c wymagania jako\u015bci wody pitnej, zmi\u0119kczonej, zdemineralizowanej, ultraczystej.<\/p>\n<p>W ramach mo\u017cliwych rozwi\u0105za\u0144 technologicznych oczyszczamy wod\u0119 z zanieczyszcze\u0144 tj.\u00a0barwa, m\u0119tno\u015b\u0107, \u017celazo, mangan, siarkowod\u00f3r, amoniak i zwi\u0105zki azotu, bakterie i wirusy, twardo\u015b\u0107 i zasolenie, chlorki i siarczany, metale ci\u0119\u017ckie, OWO,\u00a0i inne wiele innych.<\/p>\n<\/div><\/section><\/div><\/div><\/div><\/div><!-- close content main div --><\/div><\/div><div id='after_section_2'  class='main_color av_default_container_wrap container_wrap sidebar_right'  ><div class='container av-section-cont-open' ><div class='template-page content  av-content-small alpha units'><div class='post-entry post-entry-type-page post-entry-1005'><div class='entry-content-wrapper clearfix'><div  class='flex_column av-e0102-58a80ca5892378789f28153b52bc0e8b av_one_full  avia-builder-el-7  el_after_av_section  avia-builder-el-no-sibling  first flex_column_div  '     ><style type=\"text\/css\" data-created_by=\"avia_inline_auto\" id=\"style-css-av-b4ycq-98b4e6e9d0cb6fdf222f9da0fd9e8370\">\n#top .av_textblock_section.av-b4ycq-98b4e6e9d0cb6fdf222f9da0fd9e8370 .avia_textblock{\nfont-size:16px;\ntext-align:center;\n}\n<\/style>\n<section  class='av_textblock_section av-b4ycq-98b4e6e9d0cb6fdf222f9da0fd9e8370 '   itemscope=\"itemscope\" itemtype=\"https:\/\/schema.org\/CreativeWork\" ><div class='avia_textblock'  itemprop=\"text\" ><p><em>W celu uzyskania szczeg\u00f3\u0142owych informacji prosimy o kontakt z <a href=\"mailto:monika.marzec@aquaseen.pl\">monika.marzec@aquaseen.pl <\/a><\/em><\/p>\n<\/div><\/section><\/div><\/p>\n","protected":false},"excerpt":{"rendered":"","protected":false},"author":1,"featured_media":0,"parent":324,"menu_order":0,"comment_status":"closed","ping_status":"closed","template":"","meta":{"inline_featured_image":false,"footnotes":""},"class_list":["post-1005","page","type-page","status-publish","hentry"],"_links":{"self":[{"href":"https:\/\/aquaseen.pl\/index.php\/wp-json\/wp\/v2\/pages\/1005","targetHints":{"allow":["GET"]}}],"collection":[{"href":"https:\/\/aquaseen.pl\/index.php\/wp-json\/wp\/v2\/pages"}],"about":[{"href":"https:\/\/aquaseen.pl\/index.php\/wp-json\/wp\/v2\/types\/page"}],"author":[{"embeddable":true,"href":"https:\/\/aquaseen.pl\/index.php\/wp-json\/wp\/v2\/users\/1"}],"replies":[{"embeddable":true,"href":"https:\/\/aquaseen.pl\/index.php\/wp-json\/wp\/v2\/comments?post=1005"}],"version-history":[{"count":2,"href":"https:\/\/aquaseen.pl\/index.php\/wp-json\/wp\/v2\/pages\/1005\/revisions"}],"predecessor-version":[{"id":1008,"href":"https:\/\/aquaseen.pl\/index.php\/wp-json\/wp\/v2\/pages\/1005\/revisions\/1008"}],"up":[{"embeddable":true,"href":"https:\/\/aquaseen.pl\/index.php\/wp-json\/wp\/v2\/pages\/324"}],"wp:attachment":[{"href":"https:\/\/aquaseen.pl\/index.php\/wp-json\/wp\/v2\/media?parent=1005"}],"curies":[{"name":"wp","href":"https:\/\/api.w.org\/{rel}","templated":true}]}}