{"id":1097,"date":"2024-03-08T13:41:02","date_gmt":"2024-03-08T12:41:02","guid":{"rendered":"https:\/\/aquaseen.pl\/?page_id=1097"},"modified":"2024-11-08T11:55:52","modified_gmt":"2024-11-08T10:55:52","slug":"kariera","status":"publish","type":"page","link":"https:\/\/aquaseen.pl\/index.php\/kariera\/","title":{"rendered":"Kariera"},"content":{"rendered":"\n<p><strong>Je\u015bli jeste\u015b zainteresowany kt\u00f3r\u0105\u015b z ofert pracy, zapraszamy do kontaktu \u2013 <a href=\"mailto:rekrutacja@aquaseen.pl\">rekrutacja@aquaseen.pl<\/a><\/strong><\/p>\n\n\n\n<p>W przesy\u0142anych dokumentach aplikacyjnych prosimy zawrze\u0107 poni\u017csz\u0105 klauzul\u0119 RODO: \u2019Wyra\u017cam zgod\u0119 na przetwarzanie moich danych osobowych dla potrzeb niezb\u0119dnych do realizacji procesu rekrutacji (zgodnie z ustaw\u0105 z dnia 10 maja 2018 roku o ochronie danych osobowych (Dz. Ustaw z 2018, poz. 1000) oraz zgodnie z Rozporz\u0105dzeniem Parlamentu Europejskiego i Rady (UE) 2016\/679 z dnia 27 kwietnia 2016 r. w sprawie ochrony os\u00f3b fizycznych w zwi\u0105zku z przetwarzaniem danych osobowych i w sprawie swobodnego przep\u0142ywu takich danych oraz uchylenia dyrektywy 95\/46\/WE (RODO).\u2019<\/p>\n\n\n\n<p><strong><strong>AQUA SEEN obecnie poszukuje pracownik\u00f3w na stanowisko:<\/strong><br><\/strong><\/p>\n\n\n\n<p><strong>in\u017cynier serwisu\/serwisant<\/strong><\/p>\n\n\n\n<p>Zakres obowi\u0105zk\u00f3w:<\/p>\n\n\n\n<ul class=\"wp-block-list\">\n<li>Diagnozowanie i usuwanie usterek na instalacjach technologicznych zar\u00f3wno w zakresie mechanicznym jak i elektrycznym<\/li>\n\n\n\n<li>Wykonanie remont\u00f3w i modernizacji element\u00f3w instalacji<\/li>\n\n\n\n<li>Rozruchy maszyn i urz\u0105dze\u0144, jak i ich p\u00f3\u017aniejsza eksploatacja oraz okresowe przegl\u0105dy<\/li>\n\n\n\n<li>Doradztwo techniczno-serwisowe dla klient\u00f3w<\/li>\n\n\n\n<li>Sporz\u0105dzanie wycen naprawy oraz modernizacji<\/li>\n\n\n\n<li>Wykonywanie napraw gwarancyjnych i pogwarancyjnych<\/li>\n\n\n\n<li>Prowadzenie wizji lokalnych u klient\u00f3w w zwi\u0105zku z planowanymi zadaniami<\/li>\n<\/ul>\n\n\n\n<p>Wymagania:<\/p>\n\n\n\n<ul class=\"wp-block-list\">\n<li>Wykszta\u0142cenie techniczne &#8211; preferowane elektryk, elektronik, automatyk, technolog, mechanik<\/li>\n\n\n\n<li>Mile widziana wiedza podstawowa z zakresu hydrauliki i pneumatyki<\/li>\n\n\n\n<li>Umiej\u0119tno\u015b\u0107 czytania dokumentacji technicznej (schemat\u00f3w elektrycznych, schemat\u00f3w technologicznych, rysunk\u00f3w z\u0142o\u017ceniowych maszyn i urz\u0105dze\u0144)<\/li>\n\n\n\n<li>Prawo jazdy kategorii B<\/li>\n\n\n\n<li>Dodatkowym atutem b\u0119d\u0105 uprawnienia elektryczne\/energetyczne \u201eE\u201d<\/li>\n\n\n\n<li>Znajomo\u015b\u0107 j\u0119zyka angielskiego<\/li>\n\n\n\n<li>Umiej\u0119tno\u015b\u0107 samodzielnego, efektywnego analizowania i rozwi\u0105zywania problem\u00f3w<\/li>\n\n\n\n<li>Umiej\u0119tno\u015b\u0107 organizowania pracy swojej lub podleg\u0142ego zespo\u0142u<\/li>\n\n\n\n<li>Dyspozycyjno\u015b\u0107<\/li>\n\n\n\n<li>Do\u015bwiadczenie na podobnym stanowisku<\/li>\n<\/ul>\n\n\n\n<p>Oferujemy:<\/p>\n\n\n\n<ul class=\"wp-block-list\">\n<li>Ciekaw\u0105 prac\u0119 w firmie o ugruntowanej pozycji na rynku<\/li>\n\n\n\n<li>Zatrudnienie na podstawie umowy o prac\u0119<\/li>\n\n\n\n<li>Atrakcyjne wynagrodzenie i warunki pracy<\/li>\n\n\n\n<li>Mo\u017cliwo\u015b\u0107 rozwoju zawodowego i podnoszenia kwalifikacji<\/li>\n\n\n\n<li>Dodatkowe benefity: opieka medyczna, multisport, pe\u0142ne wyposa\u017cenie serwisowe<\/li>\n\n\n\n<li>konkurencyjne wynagrodzenie + premia uznaniowa<\/li>\n<\/ul>\n\n\n\n<p>Wykonywanie prac serwisowych na terenie ca\u0142ej Polski.<\/p>\n\n\n\n<p>Obszar zatrudnienia &#8211; woj. \u015bl\u0105skie, woj. \u0142\u00f3dzkie oraz woj. kujawsko-pomorskie.<\/p>\n\n\n\n<p><\/p>\n","protected":false},"excerpt":{"rendered":"<p>Je\u015bli jeste\u015b zainteresowany kt\u00f3r\u0105\u015b z ofert pracy, zapraszamy do kontaktu \u2013 rekrutacja@aquaseen.pl W przesy\u0142anych dokumentach aplikacyjnych prosimy zawrze\u0107 poni\u017csz\u0105 klauzul\u0119 RODO: \u2019Wyra\u017cam zgod\u0119 na przetwarzanie moich danych osobowych dla potrzeb niezb\u0119dnych do realizacji procesu rekrutacji (zgodnie z ustaw\u0105 z dnia 10 maja 2018 roku o ochronie danych osobowych (Dz. Ustaw z 2018, poz. 1000) oraz [&hellip;]<\/p>\n","protected":false},"author":2,"featured_media":0,"parent":0,"menu_order":0,"comment_status":"closed","ping_status":"closed","template":"","meta":{"inline_featured_image":false,"footnotes":""},"class_list":["post-1097","page","type-page","status-publish","hentry"],"_links":{"self":[{"href":"https:\/\/aquaseen.pl\/index.php\/wp-json\/wp\/v2\/pages\/1097","targetHints":{"allow":["GET"]}}],"collection":[{"href":"https:\/\/aquaseen.pl\/index.php\/wp-json\/wp\/v2\/pages"}],"about":[{"href":"https:\/\/aquaseen.pl\/index.php\/wp-json\/wp\/v2\/types\/page"}],"author":[{"embeddable":true,"href":"https:\/\/aquaseen.pl\/index.php\/wp-json\/wp\/v2\/users\/2"}],"replies":[{"embeddable":true,"href":"https:\/\/aquaseen.pl\/index.php\/wp-json\/wp\/v2\/comments?post=1097"}],"version-history":[{"count":5,"href":"https:\/\/aquaseen.pl\/index.php\/wp-json\/wp\/v2\/pages\/1097\/revisions"}],"predecessor-version":[{"id":1194,"href":"https:\/\/aquaseen.pl\/index.php\/wp-json\/wp\/v2\/pages\/1097\/revisions\/1194"}],"wp:attachment":[{"href":"https:\/\/aquaseen.pl\/index.php\/wp-json\/wp\/v2\/media?parent=1097"}],"curies":[{"name":"wp","href":"https:\/\/api.w.org\/{rel}","templated":true}]}}