{"id":1229,"date":"2025-07-25T10:52:46","date_gmt":"2025-07-25T08:52:46","guid":{"rendered":"https:\/\/aquaseen.pl\/?page_id=1229"},"modified":"2025-07-28T10:07:51","modified_gmt":"2025-07-28T08:07:51","slug":"mieszadla-milton-roy","status":"publish","type":"page","link":"https:\/\/aquaseen.pl\/index.php\/mieszadla-milton-roy\/","title":{"rendered":"Mieszad\u0142a Milton Roy"},"content":{"rendered":"\n<p>Aby uzyska\u0107 informacje na temat mieszade\u0142 firmy Milton Roy prosimy o kontakt z Dawidem Jankowskim &#8211; tel. 693 331 324 mail: <a href=\"mailto:dawid.jankowski@aquaseen.pl\">dawid.jankowski@aquaseen.pl<\/a><\/p>\n\n\n\n<hr class=\"wp-block-separator has-alpha-channel-opacity\"\/>\n\n\n\n<p class=\"has-text-align-center\"><strong>Informacje og\u00f3lne dotycz\u0105ce oferowanych mieszade\u0142<\/strong><\/p>\n\n\n\n<ul class=\"wp-block-list\">\n<li>Certyfikat ATEX dla stref 1 oraz 2,<\/li>\n\n\n\n<li>Wykonania materia\u0142owe:<ul><li>standardowo stal AISI316L dla cz\u0119\u015bci mokrych (opcjonalnie DUPLEX, SUPER-DUPLEX)<\/li><li>pow\u0142oki chemoodporne: gumowanie, powlekanie PE\/PP, pow\u0142oki malarskie (ABCITE\u00ae), pow\u0142oki epoksydowe),<\/li><\/ul>\n<ul class=\"wp-block-list\">\n<li>nap\u0119dy w pow\u0142okach malarskich dla klas korozyjno\u015bci C2 \u2013 C5.<\/li>\n<\/ul>\n<\/li>\n\n\n\n<li>Dzi\u0119ki opatentowanym propellerom o ponad 40% wi\u0119kszej wydajno\u015bci \u2013 ograniczenie mocy zainstalowanej nawet do 80% w por\u00f3wnaniu do konkurencyjnych mieszade\u0142,<\/li>\n\n\n\n<li>Dowolna konfiguracja p\u0142yty monta\u017cowej,<\/li>\n\n\n\n<li>Mo\u017cliwo\u015b\u0107 p\u0142ynnej regulacji pr\u0119dko\u015bci obrotowej mieszad\u0142a,<\/li>\n\n\n\n<li>Lepko\u015b\u0107 medium do ponad 1000 cP, g\u0119sto\u015b\u0107 medium do ponad 1,3 [g\/cm3]<\/li>\n<\/ul>\n\n\n\n<div class=\"wp-block-columns is-layout-flex wp-container-core-columns-is-layout-9d6595d7 wp-block-columns-is-layout-flex\">\n<div class=\"wp-block-column is-layout-flow wp-block-column-is-layout-flow\"><\/div>\n<\/div>\n\n\n\n<hr class=\"wp-block-separator has-alpha-channel-opacity\"\/>\n\n\n\n<div class=\"wp-block-columns is-layout-flex wp-container-core-columns-is-layout-9d6595d7 wp-block-columns-is-layout-flex\">\n<div class=\"wp-block-column is-layout-flow wp-block-column-is-layout-flow\">\n<p><strong>Mieszad\u0142a typu VDA<\/strong><\/p>\n\n\n\n<ul class=\"wp-block-list\">\n<li>Zastosowanie: mieszanie og\u00f3lne, homogenizacja, rozpuszczanie, przygotowanie roztwor\u00f3w, neutralizacja,<\/li>\n\n\n\n<li>Dla zbiornik\u00f3w o obj\u0119to\u015bciach od 50 do 2000 litr\u00f3w,<\/li>\n\n\n\n<li>Pr\u0119dko\u015b\u0107 obrotowa propellera: 1500 [rpm],<\/li>\n\n\n\n<li>Moc znamionowa: 0,25 \u2013 1,5 kW<\/li>\n<\/ul>\n<\/div>\n\n\n\n<div class=\"wp-block-column is-layout-flow wp-block-column-is-layout-flow\">\n<figure class=\"wp-block-image aligncenter size-full\"><img loading=\"lazy\" decoding=\"async\" width=\"84\" height=\"366\" src=\"https:\/\/aquaseen.pl\/wp-content\/uploads\/2025\/07\/vda.jpg\" alt=\"\" class=\"wp-image-1241\" srcset=\"https:\/\/aquaseen.pl\/wp-content\/uploads\/2025\/07\/vda.jpg 84w, https:\/\/aquaseen.pl\/wp-content\/uploads\/2025\/07\/vda-69x300.jpg 69w\" sizes=\"auto, (max-width: 84px) 100vw, 84px\" \/><\/figure>\n<\/div>\n<\/div>\n\n\n\n<hr class=\"wp-block-separator has-alpha-channel-opacity\"\/>\n\n\n\n<div class=\"wp-block-columns is-layout-flex wp-container-core-columns-is-layout-9d6595d7 wp-block-columns-is-layout-flex\">\n<div class=\"wp-block-column is-layout-flow wp-block-column-is-layout-flow\">\n<figure class=\"wp-block-image aligncenter size-full is-resized\"><img loading=\"lazy\" decoding=\"async\" width=\"105\" height=\"359\" src=\"https:\/\/aquaseen.pl\/wp-content\/uploads\/2025\/07\/vrp.jpg\" alt=\"\" class=\"wp-image-1242\" style=\"width:84px;height:auto\" srcset=\"https:\/\/aquaseen.pl\/wp-content\/uploads\/2025\/07\/vrp.jpg 105w, https:\/\/aquaseen.pl\/wp-content\/uploads\/2025\/07\/vrp-88x300.jpg 88w\" sizes=\"auto, (max-width: 105px) 100vw, 105px\" \/><\/figure>\n<\/div>\n\n\n\n<div class=\"wp-block-column is-layout-flow wp-block-column-is-layout-flow\">\n<p><strong>Mieszad\u0142a typu VRP<\/strong><\/p>\n\n\n\n<ul class=\"wp-block-list\">\n<li>Zastosowanie: mieszanie og\u00f3lne, homogenizacja, rozpuszczanie, przygotowanie roztwor\u00f3w, neutralizacja,<\/li>\n\n\n\n<li>Dla zbiornik\u00f3w o obj\u0119to\u015bciach od 100 do 5000 litr\u00f3w,<\/li>\n\n\n\n<li>Pr\u0119dko\u015b\u0107 obrotowa propellera: 108 &#8211; 280 [rpm],<\/li>\n\n\n\n<li>Moc znamionowa: 0,18 \u2013 0,37 kW<\/li>\n<\/ul>\n<\/div>\n<\/div>\n\n\n\n<hr class=\"wp-block-separator has-alpha-channel-opacity\"\/>\n\n\n\n<div class=\"wp-block-columns is-layout-flex wp-container-core-columns-is-layout-9d6595d7 wp-block-columns-is-layout-flex\">\n<div class=\"wp-block-column is-layout-flow wp-block-column-is-layout-flow\">\n<p><strong>Mieszad\u0142a typu VRH<\/strong><\/p>\n\n\n\n<ul class=\"wp-block-list\">\n<li>Zastosowanie: utrzymanie zawiesiny, rozpuszczanie, transfer ciep\u0142a (ujednorodnianie temperatury medium), homogenizacja, przygotowanie roztwor\u00f3w, reaktory chemiczne, koagulacja<\/li>\n\n\n\n<li>Dla zbiornik\u00f3w o obj\u0119to\u015bciach od 2 do 100 [m<sup>3<\/sup>]<\/li>\n\n\n\n<li>Pr\u0119dko\u015b\u0107 obrotowa propellera: 16 do 76 [rpm],<\/li>\n\n\n\n<li>Moc znamionowa: 0,18 \u2013 3,0 kW<\/li>\n<\/ul>\n<\/div>\n\n\n\n<div class=\"wp-block-column is-layout-flow wp-block-column-is-layout-flow\">\n<figure class=\"wp-block-image aligncenter size-full\"><img loading=\"lazy\" decoding=\"async\" width=\"168\" height=\"367\" src=\"https:\/\/aquaseen.pl\/wp-content\/uploads\/2025\/07\/VRH.jpg\" alt=\"\" class=\"wp-image-1243\" srcset=\"https:\/\/aquaseen.pl\/wp-content\/uploads\/2025\/07\/VRH.jpg 168w, https:\/\/aquaseen.pl\/wp-content\/uploads\/2025\/07\/VRH-137x300.jpg 137w\" sizes=\"auto, (max-width: 168px) 100vw, 168px\" \/><\/figure>\n<\/div>\n<\/div>\n\n\n\n<hr class=\"wp-block-separator has-alpha-channel-opacity\"\/>\n\n\n\n<div class=\"wp-block-columns is-layout-flex wp-container-core-columns-is-layout-9d6595d7 wp-block-columns-is-layout-flex\">\n<div class=\"wp-block-column is-layout-flow wp-block-column-is-layout-flow\">\n<figure class=\"wp-block-image aligncenter size-full\"><img loading=\"lazy\" decoding=\"async\" width=\"175\" height=\"360\" src=\"https:\/\/aquaseen.pl\/wp-content\/uploads\/2025\/07\/FRH.jpg\" alt=\"\" class=\"wp-image-1244\" srcset=\"https:\/\/aquaseen.pl\/wp-content\/uploads\/2025\/07\/FRH.jpg 175w, https:\/\/aquaseen.pl\/wp-content\/uploads\/2025\/07\/FRH-146x300.jpg 146w\" sizes=\"auto, (max-width: 175px) 100vw, 175px\" \/><\/figure>\n<\/div>\n\n\n\n<div class=\"wp-block-column is-layout-flow wp-block-column-is-layout-flow\">\n<p><strong>Mieszad\u0142a typu FRH<\/strong><\/p>\n\n\n\n<ul class=\"wp-block-list\">\n<li>Zastosowanie: flotacja, separacja, utrzymanie zawiesiny, , przygotowanie roztwor\u00f3w, rozpuszczanie, transfer ciep\u0142a (ujednorodnianie temperatury medium), homogenizacja,<\/li>\n\n\n\n<li>Dla zbiornik\u00f3w o obj\u0119to\u015bciach od 1 do 400 [m<sup>3<\/sup>]<\/li>\n\n\n\n<li>Pr\u0119dko\u015b\u0107 obrotowa propellera: 7,5 do 68 [rpm],<\/li>\n\n\n\n<li>Moc znamionowa: 0,18 \u2013 1,1 kW<\/li>\n<\/ul>\n<\/div>\n<\/div>\n\n\n\n<hr class=\"wp-block-separator has-alpha-channel-opacity\"\/>\n\n\n\n<div class=\"wp-block-columns is-layout-flex wp-container-core-columns-is-layout-9d6595d7 wp-block-columns-is-layout-flex\">\n<div class=\"wp-block-column is-layout-flow wp-block-column-is-layout-flow\">\n<p><strong>Mieszad\u0142a typu HM<\/strong><\/p>\n\n\n\n<ol class=\"wp-block-list\"><\/ol>\n\n\n\n<p>Specjalna seria wysoce specjalistycznych mieszade\u0142, projektowanych dla najbardziej wymagaj\u0105cych aplikacji dla kt\u00f3rych nie ma mo\u017cliwo\u015bci wyboru rozwi\u0105zania standardowego.<\/p>\n\n\n\n<ul class=\"wp-block-list\">\n<li>Bran\u017ce: oczyszczalnie \u015bciek\u00f3w, przemys\u0142 chemiczny, przemys\u0142 petrochemiczny, przemys\u0142 lakierniczy, przemys\u0142 spo\u017cywczy, przemys\u0142 ci\u0119\u017cki itp\u2026<\/li>\n\n\n\n<li>Dla zbiornik\u00f3w o dowolnych obj\u0119to\u015bciach,<\/li>\n\n\n\n<li>Pr\u0119dko\u015b\u0107 obrotowa propellera: 5 do 300 [rpm],<\/li>\n\n\n\n<li>Moc znamionowa: 0,37 \u2013 37 kW<\/li>\n<\/ul>\n<\/div>\n\n\n\n<div class=\"wp-block-column is-layout-flow wp-block-column-is-layout-flow\">\n<figure class=\"wp-block-image aligncenter size-full\"><img loading=\"lazy\" decoding=\"async\" width=\"203\" height=\"410\" src=\"https:\/\/aquaseen.pl\/wp-content\/uploads\/2025\/07\/HM.jpg\" alt=\"\" class=\"wp-image-1245\" srcset=\"https:\/\/aquaseen.pl\/wp-content\/uploads\/2025\/07\/HM.jpg 203w, https:\/\/aquaseen.pl\/wp-content\/uploads\/2025\/07\/HM-149x300.jpg 149w\" sizes=\"auto, (max-width: 203px) 100vw, 203px\" \/><\/figure>\n<\/div>\n<\/div>\n\n\n\n<hr class=\"wp-block-separator has-alpha-channel-opacity\"\/>\n\n\n\n<div class=\"wp-block-columns is-layout-flex wp-container-core-columns-is-layout-9d6595d7 wp-block-columns-is-layout-flex\">\n<div class=\"wp-block-column is-layout-flow wp-block-column-is-layout-flow\">\n<figure class=\"wp-block-image aligncenter size-full\"><img loading=\"lazy\" decoding=\"async\" width=\"311\" height=\"381\" src=\"https:\/\/aquaseen.pl\/wp-content\/uploads\/2025\/07\/HELIMIX.jpg\" alt=\"\" class=\"wp-image-1246\" srcset=\"https:\/\/aquaseen.pl\/wp-content\/uploads\/2025\/07\/HELIMIX.jpg 311w, https:\/\/aquaseen.pl\/wp-content\/uploads\/2025\/07\/HELIMIX-245x300.jpg 245w\" sizes=\"auto, (max-width: 311px) 100vw, 311px\" \/><\/figure>\n<\/div>\n\n\n\n<div class=\"wp-block-column is-layout-flow wp-block-column-is-layout-flow\">\n<p><strong>Mieszad\u0142a typu HELIMIX<\/strong><\/p>\n\n\n\n<ol class=\"wp-block-list\"><\/ol>\n\n\n\n<p>Gotowe rozwi\u0105zanie dedykowane dla mieszania medium w zbiornikach IBC o obj\u0119to\u015bciach 500 oraz 1000 litr\u00f3w.<\/p>\n\n\n\n<ul class=\"wp-block-list\">\n<li>Rama monta\u017cowa \u2013 stal AISI316 L wyposa\u017cona w uchwyty transportowe (r\u0119czne oraz dla w\u00f3zk\u00f3w wid\u0142owych), uchwyty monta\u017cowe do ramy pojemnika IBC,<\/li>\n\n\n\n<li>Specjalna konstrukcja propellera umo\u017cliwiaj\u0105ca monta\u017c w zbiorniku z otworem rewizyjnym \u00d8140 [mm]<\/li>\n\n\n\n<li>Pr\u0119dko\u015b\u0107 obrotowa propellera: 300 do 1000 [rpm],<\/li>\n\n\n\n<li>Moc znamionowa: 0,5 kW<\/li>\n<\/ul>\n<\/div>\n<\/div>\n\n\n\n<hr class=\"wp-block-separator has-alpha-channel-opacity\"\/>\n\n\n\n<div class=\"wp-block-columns is-layout-flex wp-container-core-columns-is-layout-9d6595d7 wp-block-columns-is-layout-flex\">\n<div class=\"wp-block-column is-layout-flow wp-block-column-is-layout-flow\">\n<p><\/p>\n\n\n\n<p><strong>Mieszad\u0142a boczne SIDE ENTRY MIXER<\/strong><\/p>\n\n\n\n<ul class=\"wp-block-list\">\n<li>Zastosowanie: mieszanie, homogenizacja, ujednorodnianie temperatury, przemys\u0142 petrochemiczny, rafinerie, przemys\u0142 chemiczny<\/li>\n\n\n\n<li>Monta\u017c w \u015bcianie bocznej zbiornika, zmienny k\u0105t pracy<\/li>\n\n\n\n<li>Zbiorniki o obj\u0119to\u015bci od 100 do 200\u00a0000 m<sup>3<\/sup><\/li>\n\n\n\n<li>Temperatura pracy do 250<sup>o<\/sup>C<\/li>\n\n\n\n<li>Moc znamionowa: 7,5 &#8211; 55 kW<\/li>\n<\/ul>\n<\/div>\n\n\n\n<div class=\"wp-block-column is-layout-flow wp-block-column-is-layout-flow\">\n<figure class=\"wp-block-image aligncenter size-full\"><img loading=\"lazy\" decoding=\"async\" width=\"427\" height=\"241\" src=\"https:\/\/aquaseen.pl\/wp-content\/uploads\/2025\/07\/SIDE-ENTRY.jpg\" alt=\"\" class=\"wp-image-1247\" srcset=\"https:\/\/aquaseen.pl\/wp-content\/uploads\/2025\/07\/SIDE-ENTRY.jpg 427w, https:\/\/aquaseen.pl\/wp-content\/uploads\/2025\/07\/SIDE-ENTRY-300x169.jpg 300w\" sizes=\"auto, (max-width: 427px) 100vw, 427px\" \/><\/figure>\n\n\n\n<p><\/p>\n<\/div>\n<\/div>\n\n\n\n<hr class=\"wp-block-separator has-alpha-channel-opacity\"\/>\n","protected":false},"excerpt":{"rendered":"<p>Aby uzyska\u0107 informacje na temat mieszade\u0142 firmy Milton Roy prosimy o kontakt z Dawidem Jankowskim &#8211; tel. 693 331 324 mail: dawid.jankowski@aquaseen.pl Informacje og\u00f3lne dotycz\u0105ce oferowanych mieszade\u0142 Mieszad\u0142a typu VDA Mieszad\u0142a typu VRP Mieszad\u0142a typu VRH Mieszad\u0142a typu FRH Mieszad\u0142a typu HM Specjalna seria wysoce specjalistycznych mieszade\u0142, projektowanych dla najbardziej wymagaj\u0105cych aplikacji dla kt\u00f3rych nie [&hellip;]<\/p>\n","protected":false},"author":2,"featured_media":0,"parent":0,"menu_order":0,"comment_status":"closed","ping_status":"closed","template":"","meta":{"inline_featured_image":false,"footnotes":""},"class_list":["post-1229","page","type-page","status-publish","hentry"],"_links":{"self":[{"href":"https:\/\/aquaseen.pl\/index.php\/wp-json\/wp\/v2\/pages\/1229","targetHints":{"allow":["GET"]}}],"collection":[{"href":"https:\/\/aquaseen.pl\/index.php\/wp-json\/wp\/v2\/pages"}],"about":[{"href":"https:\/\/aquaseen.pl\/index.php\/wp-json\/wp\/v2\/types\/page"}],"author":[{"embeddable":true,"href":"https:\/\/aquaseen.pl\/index.php\/wp-json\/wp\/v2\/users\/2"}],"replies":[{"embeddable":true,"href":"https:\/\/aquaseen.pl\/index.php\/wp-json\/wp\/v2\/comments?post=1229"}],"version-history":[{"count":5,"href":"https:\/\/aquaseen.pl\/index.php\/wp-json\/wp\/v2\/pages\/1229\/revisions"}],"predecessor-version":[{"id":1249,"href":"https:\/\/aquaseen.pl\/index.php\/wp-json\/wp\/v2\/pages\/1229\/revisions\/1249"}],"wp:attachment":[{"href":"https:\/\/aquaseen.pl\/index.php\/wp-json\/wp\/v2\/media?parent=1229"}],"curies":[{"name":"wp","href":"https:\/\/api.w.org\/{rel}","templated":true}]}}