{"id":311,"date":"2023-11-13T11:06:31","date_gmt":"2023-11-13T10:06:31","guid":{"rendered":"https:\/\/serwer1391483.home.pl\/nowa\/?page_id=311"},"modified":"2023-12-13T00:47:37","modified_gmt":"2023-12-12T23:47:37","slug":"realizacje","status":"publish","type":"page","link":"https:\/\/aquaseen.pl\/index.php\/realizacje\/","title":{"rendered":"Realizacje"},"content":{"rendered":"<div  class='flex_column av-8r55b-b8ca235e0e502b88b57731f9cf4e5404 av_one_full  avia-builder-el-0  el_before_av_one_full  avia-builder-el-first  first flex_column_div  '     ><p>\n<style type=\"text\/css\" data-created_by=\"avia_inline_auto\" id=\"style-css-av-lq1i99m6-ab443557f6acbde59d0583d216e964d9\">\n#top .av-special-heading.av-lq1i99m6-ab443557f6acbde59d0583d216e964d9{\npadding-bottom:10px;\n}\nbody .av-special-heading.av-lq1i99m6-ab443557f6acbde59d0583d216e964d9 .av-special-heading-tag .heading-char{\nfont-size:25px;\n}\n.av-special-heading.av-lq1i99m6-ab443557f6acbde59d0583d216e964d9 .av-subheading{\nfont-size:15px;\n}\n<\/style>\n<div  class='av-special-heading av-lq1i99m6-ab443557f6acbde59d0583d216e964d9 av-special-heading-h1 blockquote modern-quote modern-centered  avia-builder-el-1  el_before_av_hr  avia-builder-el-first '><h1 class='av-special-heading-tag'  itemprop=\"headline\"  >Nasze realizacje<\/h1><div class=\"special-heading-border\"><div class=\"special-heading-inner-border\"><\/div><\/div><\/div><br \/>\n\n<style type=\"text\/css\" data-created_by=\"avia_inline_auto\" id=\"style-css-av-lq1hrtw2-45c74d7b518ead0de3d28074e7dd6c7e\">\n#top .hr.av-lq1hrtw2-45c74d7b518ead0de3d28074e7dd6c7e{\nmargin-top:5px;\nmargin-bottom:30px;\n}\n.hr.av-lq1hrtw2-45c74d7b518ead0de3d28074e7dd6c7e .hr-inner{\nwidth:50px;\nborder-color:#efbb20;\n}\n<\/style>\n<div  class='hr av-lq1hrtw2-45c74d7b518ead0de3d28074e7dd6c7e hr-custom  avia-builder-el-2  el_after_av_heading  el_before_av_textblock  hr-center hr-icon-no'><span class='hr-inner inner-border-av-border-fat'><span class=\"hr-inner-style\"><\/span><\/span><\/div><br \/>\n<section  class='av_textblock_section av-lq1iemwj-cc2f196abe1f597a76cf68d76eacb02e '   itemscope=\"itemscope\" itemtype=\"https:\/\/schema.org\/CreativeWork\" ><div class='avia_textblock'  itemprop=\"text\" ><p style=\"text-align: center;\">Wybierz dzia\u0142 z poni\u017cszej listy aby zobaczy\u0107 szczeg\u00f3\u0142y<\/p>\n<\/div><\/section><\/p><\/div>\n<style type=\"text\/css\" data-created_by=\"avia_inline_auto\" id=\"style-css-av-lq1hpww7-e7893eeadc1158e6dd27b995f5ab170c\">\n#top .flex_column.av-lq1hpww7-e7893eeadc1158e6dd27b995f5ab170c{\nmargin-top:1px;\nmargin-bottom:1px;\n}\n.flex_column.av-lq1hpww7-e7893eeadc1158e6dd27b995f5ab170c{\npadding:20px 20px 20px 20px;\nbackground:url(https:\/\/aquaseen.pl\/wp-content\/uploads\/2023\/11\/SE-PREF-300x200.jpg) 50% 50% no-repeat scroll ;\n}\n.responsive #top #wrap_all .flex_column.av-lq1hpww7-e7893eeadc1158e6dd27b995f5ab170c{\nmargin-top:1px;\nmargin-bottom:1px;\n}\n<\/style>\n<div  class='flex_column av-lq1hpww7-e7893eeadc1158e6dd27b995f5ab170c av_one_full  avia-builder-el-4  el_after_av_one_full  el_before_av_one_full  realization-button first flex_column_div avia-full-stretch avia-link-column av-column-link  column-top-margin'    data-link-column-url=\"https:\/\/aquaseen.pl\/index.php\/realizacje\/realizacje-realizacje\/\"   ><a class=\"av-screen-reader-only\" href=https:\/\/aquaseen.pl\/index.php\/realizacje\/realizacje-realizacje\/ >Link to: Dzia\u0142 Realizacji<\/a><style type=\"text\/css\" data-created_by=\"avia_inline_auto\" id=\"style-css-av-lq1hxpfa-36628a227280cfb9c625c60afaf89271\">\n#top .av_textblock_section.av-lq1hxpfa-36628a227280cfb9c625c60afaf89271 .avia_textblock{\ncolor:#ffffff;\ntext-align:right;\n}\n<\/style>\n<section  class='av_textblock_section av-lq1hxpfa-36628a227280cfb9c625c60afaf89271 '   itemscope=\"itemscope\" itemtype=\"https:\/\/schema.org\/CreativeWork\" ><div class='avia_textblock av_inherit_color'  itemprop=\"text\" ><h2>Dzia\u0142 realizacji<\/h2>\n<\/div><\/section><\/div><\/p>\n\n<style type=\"text\/css\" data-created_by=\"avia_inline_auto\" id=\"style-css-av-lq1hnf7f-bbb8357eb25b9fda75db82298b27c2ff\">\n#top .flex_column.av-lq1hnf7f-bbb8357eb25b9fda75db82298b27c2ff{\nmargin-top:1px;\nmargin-bottom:1px;\n}\n.flex_column.av-lq1hnf7f-bbb8357eb25b9fda75db82298b27c2ff{\npadding:20px 20px 20px 20px;\nbackground:url(https:\/\/aquaseen.pl\/wp-content\/uploads\/2023\/12\/zdjecie-nr-11.jpg) 50% 50% no-repeat scroll ;\n}\n.responsive #top #wrap_all .flex_column.av-lq1hnf7f-bbb8357eb25b9fda75db82298b27c2ff{\nmargin-top:1px;\nmargin-bottom:1px;\n}\n<\/style>\n<div  class='flex_column av-lq1hnf7f-bbb8357eb25b9fda75db82298b27c2ff av_one_full  avia-builder-el-6  el_after_av_one_full  el_before_av_one_full  realization-button first flex_column_div avia-full-stretch avia-link-column av-column-link  column-top-margin'    data-link-column-url=\"https:\/\/aquaseen.pl\/index.php\/realizacje\/realizacje-projekty\/\"   ><a class=\"av-screen-reader-only\" href=https:\/\/aquaseen.pl\/index.php\/realizacje\/realizacje-projekty\/ >Link to: Dzia\u0142 Projektowy<\/a><style type=\"text\/css\" data-created_by=\"avia_inline_auto\" id=\"style-css-av-lq1hxbe5-231afca552826d293d1a331f41632863\">\n#top .av_textblock_section.av-lq1hxbe5-231afca552826d293d1a331f41632863 .avia_textblock{\ncolor:#ffffff;\ntext-align:right;\n}\n<\/style>\n<section  class='av_textblock_section av-lq1hxbe5-231afca552826d293d1a331f41632863 '   itemscope=\"itemscope\" itemtype=\"https:\/\/schema.org\/CreativeWork\" ><div class='avia_textblock av_inherit_color'  itemprop=\"text\" ><h2 style=\"text-align: right;\">Dzia\u0142 projektowy<\/h2>\n<\/div><\/section><\/div>\n<style type=\"text\/css\" data-created_by=\"avia_inline_auto\" id=\"style-css-av-lq1hpdqq-0e7c7a0f017f2ae2bac9a6e218dd8e45\">\n#top .flex_column.av-lq1hpdqq-0e7c7a0f017f2ae2bac9a6e218dd8e45{\nmargin-top:1px;\nmargin-bottom:1px;\n}\n.flex_column.av-lq1hpdqq-0e7c7a0f017f2ae2bac9a6e218dd8e45{\npadding:20px 20px 20px 20px;\nbackground:url(https:\/\/aquaseen.pl\/wp-content\/uploads\/2023\/11\/workplace-health-and-safety.webp) 50% 50% no-repeat scroll ;\n}\n.responsive #top #wrap_all .flex_column.av-lq1hpdqq-0e7c7a0f017f2ae2bac9a6e218dd8e45{\nmargin-top:1px;\nmargin-bottom:1px;\n}\n<\/style>\n<div  class='flex_column av-lq1hpdqq-0e7c7a0f017f2ae2bac9a6e218dd8e45 av_one_full  avia-builder-el-8  el_after_av_one_full  avia-builder-el-last  realization-button first flex_column_div avia-full-stretch avia-link-column av-column-link  column-top-margin'    data-link-column-url=\"https:\/\/aquaseen.pl\/index.php\/realizacje\/realizacje-serwis\/\"   ><a class=\"av-screen-reader-only\" href=https:\/\/aquaseen.pl\/index.php\/realizacje\/realizacje-serwis\/ >Link to: Dzia\u0142 Serwisowy<\/a><style type=\"text\/css\" data-created_by=\"avia_inline_auto\" id=\"style-css-av-lq1hvc2y-5a718d1eda6619e431462527d3b0c915\">\n#top .av_textblock_section.av-lq1hvc2y-5a718d1eda6619e431462527d3b0c915 .avia_textblock{\ncolor:#ffffff;\ntext-align:right;\n}\n<\/style>\n<section  class='av_textblock_section av-lq1hvc2y-5a718d1eda6619e431462527d3b0c915 '   itemscope=\"itemscope\" itemtype=\"https:\/\/schema.org\/CreativeWork\" ><div class='avia_textblock av_inherit_color'  itemprop=\"text\" ><h2>Dzia\u0142 serwisowy<\/h2>\n<\/div><\/section><\/div><\/p>\n","protected":false},"excerpt":{"rendered":"","protected":false},"author":1,"featured_media":0,"parent":0,"menu_order":0,"comment_status":"closed","ping_status":"closed","template":"","meta":{"inline_featured_image":false,"footnotes":""},"class_list":["post-311","page","type-page","status-publish","hentry"],"_links":{"self":[{"href":"https:\/\/aquaseen.pl\/index.php\/wp-json\/wp\/v2\/pages\/311","targetHints":{"allow":["GET"]}}],"collection":[{"href":"https:\/\/aquaseen.pl\/index.php\/wp-json\/wp\/v2\/pages"}],"about":[{"href":"https:\/\/aquaseen.pl\/index.php\/wp-json\/wp\/v2\/types\/page"}],"author":[{"embeddable":true,"href":"https:\/\/aquaseen.pl\/index.php\/wp-json\/wp\/v2\/users\/1"}],"replies":[{"embeddable":true,"href":"https:\/\/aquaseen.pl\/index.php\/wp-json\/wp\/v2\/comments?post=311"}],"version-history":[{"count":36,"href":"https:\/\/aquaseen.pl\/index.php\/wp-json\/wp\/v2\/pages\/311\/revisions"}],"predecessor-version":[{"id":714,"href":"https:\/\/aquaseen.pl\/index.php\/wp-json\/wp\/v2\/pages\/311\/revisions\/714"}],"wp:attachment":[{"href":"https:\/\/aquaseen.pl\/index.php\/wp-json\/wp\/v2\/media?parent=311"}],"curies":[{"name":"wp","href":"https:\/\/api.w.org\/{rel}","templated":true}]}}