{"id":313,"date":"2023-11-13T11:06:50","date_gmt":"2023-11-13T10:06:50","guid":{"rendered":"https:\/\/serwer1391483.home.pl\/nowa\/?page_id=313"},"modified":"2024-01-12T09:37:56","modified_gmt":"2024-01-12T08:37:56","slug":"oferta","status":"publish","type":"page","link":"https:\/\/aquaseen.pl\/index.php\/oferta\/","title":{"rendered":"Oferta"},"content":{"rendered":"<div  class='flex_column av-av_one_full-d6d4c73de305a8665702a8c43a39b6de av_one_full  avia-builder-el-0  el_before_av_one_half  avia-builder-el-first  first flex_column_div  '     ><p>\n<style type=\"text\/css\" data-created_by=\"avia_inline_auto\" id=\"style-css-av-lr97w5yf-676be564a2381f31d298d74f7a83acb5\">\n#top .av-special-heading.av-lr97w5yf-676be564a2381f31d298d74f7a83acb5{\npadding-bottom:10px;\n}\nbody .av-special-heading.av-lr97w5yf-676be564a2381f31d298d74f7a83acb5 .av-special-heading-tag .heading-char{\nfont-size:25px;\n}\n.av-special-heading.av-lr97w5yf-676be564a2381f31d298d74f7a83acb5 .av-subheading{\nfont-size:15px;\n}\n<\/style>\n<div  class='av-special-heading av-lr97w5yf-676be564a2381f31d298d74f7a83acb5 av-special-heading-h1 blockquote modern-quote modern-centered  avia-builder-el-1  el_before_av_hr  avia-builder-el-first '><h1 class='av-special-heading-tag'  itemprop=\"headline\"  >Oferta<\/h1><div class=\"special-heading-border\"><div class=\"special-heading-inner-border\"><\/div><\/div><\/div><br \/>\n\n<style type=\"text\/css\" data-created_by=\"avia_inline_auto\" id=\"style-css-av-av_hr-d09c6958d99bfd1eb3bd051e10eeab76\">\n#top .hr.av-av_hr-d09c6958d99bfd1eb3bd051e10eeab76{\nmargin-top:5px;\nmargin-bottom:30px;\n}\n.hr.av-av_hr-d09c6958d99bfd1eb3bd051e10eeab76 .hr-inner{\nwidth:50px;\nborder-color:#efbb20;\n}\n<\/style>\n<div  class='hr av-av_hr-d09c6958d99bfd1eb3bd051e10eeab76 hr-custom  avia-builder-el-2  el_after_av_heading  el_before_av_textblock  hr-center hr-icon-no'><span class='hr-inner inner-border-av-border-fat'><span class=\"hr-inner-style\"><\/span><\/span><\/div><br \/>\n<section  class='av_textblock_section av-av_textblock-7f30ab05ce16f1261e6e71de0c3f4b27 '   itemscope=\"itemscope\" itemtype=\"https:\/\/schema.org\/CreativeWork\" ><div class='avia_textblock'  itemprop=\"text\" ><p style=\"text-align: center;\">Wybierz dzia\u0142 z poni\u017cszej listy aby zobaczy\u0107 szczeg\u00f3\u0142y<\/p>\n<\/div><\/section><\/p><\/div>\n<style type=\"text\/css\" data-created_by=\"avia_inline_auto\" id=\"style-css-av-lr97znho-5f968a4e305cb119c4e06acc2600fa09\">\n#top .flex_column.av-lr97znho-5f968a4e305cb119c4e06acc2600fa09{\nmargin-top:10px;\nmargin-bottom:10px;\n}\n.flex_column.av-lr97znho-5f968a4e305cb119c4e06acc2600fa09{\nwidth:49.5%;\npadding:20px 20px 20px 20px;\nbackground:url(https:\/\/aquaseen.pl\/wp-content\/uploads\/2023\/12\/DZIAL-PROJEKTOWY-FOTO-1-1030x850.jpg) 50% 50% no-repeat scroll ;\n}\n.responsive #top #wrap_all .flex_column.av-lr97znho-5f968a4e305cb119c4e06acc2600fa09{\nmargin-top:10px;\nmargin-bottom:10px;\n}\n<\/style>\n<div  class='flex_column av-lr97znho-5f968a4e305cb119c4e06acc2600fa09 av_one_half  avia-builder-el-4  el_after_av_one_full  el_before_av_one_half  realization-button first flex_column_div avia-full-stretch avia-link-column av-column-link  column-top-margin'    data-link-column-url=\"https:\/\/aquaseen.pl\/index.php\/oferta\/projekty\/\"   ><a class=\"av-screen-reader-only\" href=https:\/\/aquaseen.pl\/index.php\/oferta\/projekty\/ >Link to: Projekty<\/a><style type=\"text\/css\" data-created_by=\"avia_inline_auto\" id=\"style-css-av-lr97wpa6-63fdd96ed472a85b179e35abfc26f921\">\n#top .av_textblock_section.av-lr97wpa6-63fdd96ed472a85b179e35abfc26f921 .avia_textblock{\ncolor:#ffffff;\ntext-align:center;\n}\n<\/style>\n<section  class='av_textblock_section av-lr97wpa6-63fdd96ed472a85b179e35abfc26f921 '   itemscope=\"itemscope\" itemtype=\"https:\/\/schema.org\/CreativeWork\" ><div class='avia_textblock av_inherit_color'  itemprop=\"text\" ><h2>Projekty<\/h2>\n<\/div><\/section><\/div>\n<style type=\"text\/css\" data-created_by=\"avia_inline_auto\" id=\"style-css-av-lr981oer-3784e4e2e6b82a845486e5e5170c11f1\">\n#top .flex_column.av-lr981oer-3784e4e2e6b82a845486e5e5170c11f1{\nmargin-top:10px;\nmargin-bottom:10px;\n}\n.flex_column.av-lr981oer-3784e4e2e6b82a845486e5e5170c11f1{\nwidth:49.5%;\nmargin-left:1%;\npadding:20px 20px 20px 20px;\nbackground:url(https:\/\/aquaseen.pl\/wp-content\/uploads\/2023\/12\/Ogolne4-1030x687.jpg) 50% 50% no-repeat scroll ;\n}\n.responsive #top #wrap_all .flex_column.av-lr981oer-3784e4e2e6b82a845486e5e5170c11f1{\nmargin-top:10px;\nmargin-bottom:10px;\n}\n<\/style>\n<div  class='flex_column av-lr981oer-3784e4e2e6b82a845486e5e5170c11f1 av_one_half  avia-builder-el-6  el_after_av_one_half  el_before_av_one_half  realization-button flex_column_div avia-full-stretch avia-link-column av-column-link  column-top-margin'    data-link-column-url=\"https:\/\/aquaseen.pl\/index.php\/oferta\/dzial-realizacji\/\"   ><a class=\"av-screen-reader-only\" href=https:\/\/aquaseen.pl\/index.php\/oferta\/dzial-realizacji\/ >Link to: Dzia\u0142 realizacji<\/a><style type=\"text\/css\" data-created_by=\"avia_inline_auto\" id=\"style-css-av-lr97wzg9-819003a7ce801a24215ace4c709e8966\">\n#top .av_textblock_section.av-lr97wzg9-819003a7ce801a24215ace4c709e8966 .avia_textblock{\ncolor:#ffffff;\ntext-align:center;\n}\n<\/style>\n<section  class='av_textblock_section av-lr97wzg9-819003a7ce801a24215ace4c709e8966 '   itemscope=\"itemscope\" itemtype=\"https:\/\/schema.org\/CreativeWork\" ><div class='avia_textblock av_inherit_color'  itemprop=\"text\" ><h2>Dzia\u0142 realizacji<\/h2>\n<\/div><\/section><\/div>\n<style type=\"text\/css\" data-created_by=\"avia_inline_auto\" id=\"style-css-av-lr984en2-7e6cbc075d4952ca4594485265b6b38f\">\n#top .flex_column.av-lr984en2-7e6cbc075d4952ca4594485265b6b38f{\nmargin-top:1px;\nmargin-bottom:1px;\n}\n.flex_column.av-lr984en2-7e6cbc075d4952ca4594485265b6b38f{\nwidth:49.5%;\npadding:20px 20px 20px 20px;\nbackground:url(https:\/\/aquaseen.pl\/wp-content\/uploads\/2023\/11\/SE-PREF-1030x687.jpg) 50% 50% no-repeat scroll ;\n}\n.responsive #top #wrap_all .flex_column.av-lr984en2-7e6cbc075d4952ca4594485265b6b38f{\nmargin-top:1px;\nmargin-bottom:1px;\n}\n<\/style>\n<div  class='flex_column av-lr984en2-7e6cbc075d4952ca4594485265b6b38f av_one_half  avia-builder-el-8  el_after_av_one_half  el_before_av_one_half  realization-button first flex_column_div avia-full-stretch avia-link-column av-column-link  column-top-margin'    data-link-column-url=\"https:\/\/aquaseen.pl\/index.php\/oferta\/urzadzenia\/\"   ><a class=\"av-screen-reader-only\" href=https:\/\/aquaseen.pl\/index.php\/oferta\/urzadzenia\/ >Link to: Urz\u0105dzenia<\/a><style type=\"text\/css\" data-created_by=\"avia_inline_auto\" id=\"style-css-av-lr97wh2j-2067ac92f2474345856a35d1948f2b99\">\n#top .av_textblock_section.av-lr97wh2j-2067ac92f2474345856a35d1948f2b99 .avia_textblock{\ncolor:#ffffff;\ntext-align:center;\n}\n<\/style>\n<section  class='av_textblock_section av-lr97wh2j-2067ac92f2474345856a35d1948f2b99 '   itemscope=\"itemscope\" itemtype=\"https:\/\/schema.org\/CreativeWork\" ><div class='avia_textblock av_inherit_color'  itemprop=\"text\" ><h2>Urz\u0105dzenia<\/h2>\n<\/div><\/section><\/div>\n<style type=\"text\/css\" data-created_by=\"avia_inline_auto\" id=\"style-css-av-lr984jxr-928347876229fb59b089a46f714972f4\">\n#top .flex_column.av-lr984jxr-928347876229fb59b089a46f714972f4{\nmargin-top:1px;\nmargin-bottom:1px;\n}\n.flex_column.av-lr984jxr-928347876229fb59b089a46f714972f4{\nwidth:49.5%;\nmargin-left:1%;\npadding:20px 20px 20px 20px;\nbackground:url(https:\/\/aquaseen.pl\/wp-content\/uploads\/2023\/11\/workplace-health-and-safety.webp) 50% 50% no-repeat scroll ;\n}\n.responsive #top #wrap_all .flex_column.av-lr984jxr-928347876229fb59b089a46f714972f4{\nmargin-top:1px;\nmargin-bottom:1px;\n}\n<\/style>\n<div  class='flex_column av-lr984jxr-928347876229fb59b089a46f714972f4 av_one_half  avia-builder-el-10  el_after_av_one_half  avia-builder-el-last  realization-button flex_column_div avia-full-stretch avia-link-column av-column-link  column-top-margin'    data-link-column-url=\"https:\/\/aquaseen.pl\/index.php\/oferta\/serwis\/\"   ><a class=\"av-screen-reader-only\" href=https:\/\/aquaseen.pl\/index.php\/oferta\/serwis\/ >Link to: Serwis<\/a><style type=\"text\/css\" data-created_by=\"avia_inline_auto\" id=\"style-css-av-lr97x765-e30aa03fabd24f1ace425205fdec56eb\">\n#top .av_textblock_section.av-lr97x765-e30aa03fabd24f1ace425205fdec56eb .avia_textblock{\ncolor:#ffffff;\ntext-align:center;\n}\n<\/style>\n<section  class='av_textblock_section av-lr97x765-e30aa03fabd24f1ace425205fdec56eb '   itemscope=\"itemscope\" itemtype=\"https:\/\/schema.org\/CreativeWork\" ><div class='avia_textblock av_inherit_color'  itemprop=\"text\" ><h2>Serwis<\/h2>\n<\/div><\/section><\/div><\/p>\n","protected":false},"excerpt":{"rendered":"","protected":false},"author":1,"featured_media":0,"parent":0,"menu_order":0,"comment_status":"closed","ping_status":"closed","template":"","meta":{"inline_featured_image":false,"footnotes":""},"class_list":["post-313","page","type-page","status-publish","hentry"],"_links":{"self":[{"href":"https:\/\/aquaseen.pl\/index.php\/wp-json\/wp\/v2\/pages\/313","targetHints":{"allow":["GET"]}}],"collection":[{"href":"https:\/\/aquaseen.pl\/index.php\/wp-json\/wp\/v2\/pages"}],"about":[{"href":"https:\/\/aquaseen.pl\/index.php\/wp-json\/wp\/v2\/types\/page"}],"author":[{"embeddable":true,"href":"https:\/\/aquaseen.pl\/index.php\/wp-json\/wp\/v2\/users\/1"}],"replies":[{"embeddable":true,"href":"https:\/\/aquaseen.pl\/index.php\/wp-json\/wp\/v2\/comments?post=313"}],"version-history":[{"count":17,"href":"https:\/\/aquaseen.pl\/index.php\/wp-json\/wp\/v2\/pages\/313\/revisions"}],"predecessor-version":[{"id":988,"href":"https:\/\/aquaseen.pl\/index.php\/wp-json\/wp\/v2\/pages\/313\/revisions\/988"}],"wp:attachment":[{"href":"https:\/\/aquaseen.pl\/index.php\/wp-json\/wp\/v2\/media?parent=313"}],"curies":[{"name":"wp","href":"https:\/\/api.w.org\/{rel}","templated":true}]}}