{"id":315,"date":"2023-11-13T11:07:09","date_gmt":"2023-11-13T10:07:09","guid":{"rendered":"https:\/\/serwer1391483.home.pl\/nowa\/?page_id=315"},"modified":"2025-08-06T13:23:18","modified_gmt":"2025-08-06T11:23:18","slug":"polityka-firmy","status":"publish","type":"page","link":"https:\/\/aquaseen.pl\/index.php\/polityka-firmy\/","title":{"rendered":"Polityka firmy"},"content":{"rendered":"<div  class='flex_column av-vcqi3-4f88e0f5f7f9599e23e15bba2a663d1b av_one_full  avia-builder-el-0  el_before_av_one_fifth  avia-builder-el-first  first flex_column_div  '     ><p>\n<style type=\"text\/css\" data-created_by=\"avia_inline_auto\" id=\"style-css-av-lq1ku2m1-7a93ba53584d02f5457eecd1d38af9db\">\n#top .av-special-heading.av-lq1ku2m1-7a93ba53584d02f5457eecd1d38af9db{\npadding-bottom:10px;\n}\nbody .av-special-heading.av-lq1ku2m1-7a93ba53584d02f5457eecd1d38af9db .av-special-heading-tag .heading-char{\nfont-size:25px;\n}\n.av-special-heading.av-lq1ku2m1-7a93ba53584d02f5457eecd1d38af9db .av-subheading{\nfont-size:15px;\n}\n<\/style>\n<div  class='av-special-heading av-lq1ku2m1-7a93ba53584d02f5457eecd1d38af9db av-special-heading-h1 blockquote modern-quote modern-centered  avia-builder-el-1  el_before_av_hr  avia-builder-el-first '><h1 class='av-special-heading-tag'  itemprop=\"headline\"  >Polityka firmy<\/h1><div class=\"special-heading-border\"><div class=\"special-heading-inner-border\"><\/div><\/div><\/div><br \/>\n\n<style type=\"text\/css\" data-created_by=\"avia_inline_auto\" id=\"style-css-av-s7l77-470d68dbb450d92c35e411c912888629\">\n#top .hr.av-s7l77-470d68dbb450d92c35e411c912888629{\nmargin-top:5px;\nmargin-bottom:10px;\n}\n.hr.av-s7l77-470d68dbb450d92c35e411c912888629 .hr-inner{\nwidth:50px;\nborder-color:#efbb20;\n}\n<\/style>\n<div  class='hr av-s7l77-470d68dbb450d92c35e411c912888629 hr-custom  avia-builder-el-2  el_after_av_heading  avia-builder-el-last  hr-center hr-icon-no'><span class='hr-inner inner-border-av-border-fat'><span class=\"hr-inner-style\"><\/span><\/span><\/div><\/p><\/div>\n<div  class='flex_column av-l6p17-586b6f6632461e8c5fe62bb4cd9499de av_one_fifth  avia-builder-el-3  el_after_av_one_full  el_before_av_three_fifth  first flex_column_div  column-top-margin'     ><\/div>\n<div  class='flex_column av-dr9pv-33ca6fedb5eca555373392b33fc2f56b av_three_fifth  avia-builder-el-4  el_after_av_one_fifth  el_before_av_one_fifth  flex_column_div  column-top-margin'     ><section  class='av_textblock_section av-lq1kv25c-45865d0b641cd83d6bc356406b6f89e2 '   itemscope=\"itemscope\" itemtype=\"https:\/\/schema.org\/CreativeWork\" ><div class='avia_textblock'  itemprop=\"text\" ><h5 class=\"p1\">Polityka Zintegrowanego Systemu Zarz\u0105dzania Jako\u015bci\u0105 i BHP<\/h5>\n<p class=\"p1\">Podstawowymi celami jako\u015bci w AQUA SEEN Sp. z o.o. jest realizacja specjalistycznych us\u0142ug w zakresie uzdatniania wody, doskonalenia ofertowanych us\u0142ug zgodnie z wymogami, potrzebami i oczekiwaniami klient\u00f3w, ci\u0105g\u0142a poprawa wsp\u00f3\u0142pracy ze wszystkimi kontrahentami, dostawcami oraz pracownikami na wszystkich szczeblach organizacyjnych, a tak\u017ce wykorzystywanie szans oraz ograniczanie ryzyka, gwarantuj\u0105cych jako\u015b\u0107 i bezpiecze\u0144stwo, spe\u0142niaj\u0105cych wymagania i oczekiwania Klient\u00f3w, wymagania prawne i inne oraz wymagania Stron Zainteresowanych.<\/p>\n<p class=\"p1\">Firma zajmuje si\u0119 projektowaniem i realizacj\u0105 inwestycji dotycz\u0105cych uzdatniania wody i serwisami, dlatego te\u017c wa\u017cnym celem jest zapobieganie wypadkom, a tak\u017ce incydentom w zakresie BHP, minimalizowanie ryzyka ich wyst\u0105pienia oraz stworzenie i utrzymanie zdrowego, bezpiecznego \u015brodowiska dla pracownik\u00f3w, go\u015bci, podwykonawc\u00f3w i innych Stron Zainteresowanych, kt\u00f3rych dotycz\u0105 dzia\u0142ania firmy.<\/p>\n<p class=\"p1\">Uznaj\u0105c jako\u015b\u0107 jako \u015brodek osi\u0105gania zadowolenia klient\u00f3w w zakresie realizowanych inwestycji i \u015bwiadczonych us\u0142ug, podporz\u0105dkowali\u015bmy wszelkie dzia\u0142ania naszego przedsi\u0119biorstwa kryteriom jako\u015bciowym i jednocze\u015bnie przyj\u0119li\u015bmy jako\u015b\u0107 jako koncepcj\u0119 zarz\u0105dzania, opart\u0105 na ci\u0105g\u0142ym doskonaleniu Systemu Zarz\u0105dzania Jako\u015bci\u0105, w celu osi\u0105gni\u0119cia maksymalnej efektywno\u015bci na wszystkich szczeblach i we wszystkich dziedzinach. Bierzemy odpowiedzialno\u015b\u0107 za zapobieganie obra\u017ceniom i z\u0142ym stanom zdrowia zwi\u0105zanym z wykonywan\u0105 prac\u0105 oraz zdarzeniom potencjalnie wypadkowym; za rozwijanie i stosowanie skutecznych i kontrolowanych system\u00f3w, standard\u00f3w i procedur bezpiecze\u0144stwa i higieny pracy (BHP) adekwatnych do ryzyka zwi\u0105zanego z dzia\u0142aniami biznesowymi firmy; za identyfikowanie zagro\u017ce\u0144 i czynnik\u00f3w szkodliwych, ich oceny i podejmowania dzia\u0142a\u0144 w celu ograniczania ryzyka zawodowego; za monitoring podwykonawc\u00f3w oraz podnoszenie ich \u015bwiadomo\u015bci w zakresie BHP w trakcie realizowanych dla nas inwestycji, a tak\u017ce konsultowanie i uczestnictwo pracownik\u00f3w oraz podwykonawc\u00f3w w zakresie opracowania, planowania, wdra\u017cania, oceny wynik\u00f3w i dzia\u0142a\u0144 na rzecz poprawy systemu zarz\u0105dzania BHP.<\/p>\n<p class=\"p1\">Zapewnimy, aby czynniki: ludzki, organizacyjny i techniczny by\u0142y anga\u017cowane do realizacji us\u0142ug uzdatniania wody oraz serwis\u00f3w, przy zachowaniu kontroli nakierowanej na zapobieganie niezgodno\u015bciom na wszystkich etapach realizacji proces\u00f3w, a tak\u017ce zapewnienia bezpiecznych i higienicznych warunk\u00f3w pracy w celu zapobiegania obra\u017ceniom i z\u0142ym stanom zdrowia w miejscu pracy. Podejmujemy dzia\u0142ania zmierzaj\u0105ce do zminimalizowania zagro\u017ce\u0144 i ryzyka wypadk\u00f3w przy pracy praz ryzyka chor\u00f3b zawodowych, poprzez racjonalne wykorzystanie zasob\u00f3w oraz wdro\u017cenie procesu konsultacji i uczestnictwa pracownik\u00f3w na rzecz poprawy systemu BHP.<\/p>\n<p class=\"p1\">Zaanga\u017cowanie i wsp\u00f3\u0142odpowiedzialno\u015b\u0107 wszystkich pracownik\u00f3w oraz funkcjonuj\u0105cy i ci\u0105gle doskonalony Zintegrowany System Zarz\u0105dzania zgodny z wymaganiami norm: PN \u2013 EN ISO 9001:2015 oraz PN \u2013 EN ISO 45001:2018 jest gwarancj\u0105 osi\u0105gni\u0119cia sukcesu przez firm\u0119 na wszystkich polach jej dzia\u0142ania.<\/p>\n<h6 class=\"p1\">Klauzula informacyjna<\/h6>\n<p class=\"p1\">Wype\u0142niaj\u0105c obowi\u0105zek informacyjny, wynikaj\u0105cy z art. 13 i 14 Rozporz\u0105dzenia Parlamentu Europejskiego i Rady (UE) nr 2016\/679 z dnia 27 kwietnia 2016 r. w sprawie ochrony os\u00f3b fizycznych w zwi\u0105zku z przetwarzaniem danych osobowych i w sprawie swobodnego przep\u0142ywu takich danych oraz uchylenia dyrektywy 95\/46\/WE (RODO), w przypadku podania przez Podmiot\/Zleceniodawc\u0119\/Zleceniobiorc\u0119 w zwi\u0105zku z niniejsz\u0105 Umow\u0105 danych osobowych, AQS informuje, \u017ce:<\/p>\n<p class=\"p1\">1. administratorem ww. danych osobowych b\u0119dzie AQUA SEEN Sp. z o.o., z siedzib\u0105 w Warszawie, ul. Ostrobramska 95, 04-118 Warszawa, posiadaj\u0105ca nr REGON 146118837 i numer NIP 113-285-55-84, wpisan\u0105 do Rejestru Przedsi\u0119biorc\u00f3w Krajowego Rejestru S\u0105dowego przez S\u0105d Rejonowy dla m.st. Warszawy w Warszawie, XIV Wydzia\u0142 Gospodarczy pod numerem KRS 0000420009, dalej AQS,<\/p>\n<p class=\"p1\">2. AQS przetwarza\u0107 b\u0119dzie ww. dane osobowe w nast\u0119puj\u0105cych celach:<\/p>\n<p class=\"p1\">&#8211; zawarcie i realizacja lub rozwi\u0105zanie Umowy oraz wykonywanie innych czynno\u015bci zwi\u0105zanych z Umow\u0105, w tym czynno\u015bci poprzedzaj\u0105cych jej zawarcie;<\/p>\n<p class=\"p1\">&#8211; realizacja uprawnienia lub obowi\u0105zku prawnego wynikaj\u0105cego z przepis\u00f3w prawa,<\/p>\n<p class=\"p1\">3. podanie danych osobowych nie jest obowi\u0105zkowe, jednak\u017ce niezb\u0119dne do realizacji cel\u00f3w okre\u015blonych w pkt. 2) powy\u017cej,<\/p>\n<p class=\"p1\">4. w zwi\u0105zku z przetwarzaniem danych w celach wskazanych w pkt. 2), ww. dane mog\u0105 by\u0107 udost\u0119pniane podmiotom upowa\u017cnionym na mocy przepis\u00f3w prawa oraz podmiotom, kt\u00f3rym przekazanie danych jest uzasadnione dla wykonania okre\u015blonej czynno\u015bci lub realizacji okre\u015blonej us\u0142ugi, np. Poczta Polska, kurierzy, podmioty \u015bwiadcz\u0105ce us\u0142ugi prawne lub ksi\u0119gowe.<\/p>\n<p class=\"p1\">5. ww. dane osobowe Pa\u0144stwa dane osobowe mog\u0105 zosta\u0107 przekazane odbiorcom<span class=\"Apple-converted-space\">\u00a0 <\/span>w pa\u0144stwach trzecich, w relacji z kt\u00f3rymi Administrator skorzysta\u0142 ze standardowych klauzul umownych przyj\u0119tych przez Komisj\u0119 Europejsk\u0105.<\/p>\n<p class=\"p1\">6. ww. dane osobowe b\u0119d\u0105 przetwarzane przez okres niezb\u0119dny do realizacji wskazanych w pkt. 2) cel\u00f3w przetwarzania, tj.:<\/p>\n<p class=\"p1\">&#8211; w zakresie realizacji zawartej Umowy przez okres do czasu jej realizacji, po tym czasie przez okres oraz w zakresie wymaganym przez przepisy prawa lub dla zabezpieczenia ewentualnych roszcze\u0144,<\/p>\n<p class=\"p1\">&#8211; w zakresie wype\u0142niania obowi\u0105zk\u00f3w prawnych ci\u0105\u017c\u0105cych na AQS przez okres do czasu wype\u0142nienia tych obowi\u0105zk\u00f3w.<\/p>\n<p class=\"p1\">7. w zwi\u0105zku z przetwarzaniem przez AQS ww. danych osobowych, osobom, kt\u00f3rych ww. dane dotycz\u0105 przys\u0142uguje prawo dost\u0119pu do tre\u015bci ich danych, prawo do ich sprostowania, usuni\u0119cia lub ograniczenia przetwarzania, prawo do wniesienia sprzeciwu wobec przetwarzania, a tak\u017ce prawo do przenoszenia danych (w zakresie okre\u015blonym w art. 15-18 oraz art. 20-21 RODO).<\/p>\n<p class=\"p1\">8. w sprawach spornych lub w przypadku uznania, i\u017c przetwarzanie przez AQS ww. danych osobowych narusza przepisy RODO, przys\u0142uguje osobom, o kt\u00f3rych mowa w pkt. 7) prawo do wniesienia skargi do organu nadzorczego.<\/p>\n<p class=\"p1\">9. Wyja\u015bnie\u0144 w sprawach zwi\u0105zanych z danymi osobowymi udziela AQS &#8211; kontakt: Aleksandra Rawicz, <a href=\"mailto:aleksandra.rawicz@aquaseen.pl\"><span class=\"s1\">aleksandra.rawicz@aquaseen.pl<\/span><\/a><\/p>\n<\/div><\/section><\/div><div  class='flex_column av-azfkz-4c2f0314ca4cd8a68c6fdf0f3c4e554e av_one_fifth  avia-builder-el-6  el_after_av_three_fifth  avia-builder-el-last  flex_column_div  column-top-margin'     ><\/div><\/p>\n","protected":false},"excerpt":{"rendered":"","protected":false},"author":1,"featured_media":0,"parent":0,"menu_order":0,"comment_status":"closed","ping_status":"closed","template":"","meta":{"inline_featured_image":false,"footnotes":""},"class_list":["post-315","page","type-page","status-publish","hentry"],"_links":{"self":[{"href":"https:\/\/aquaseen.pl\/index.php\/wp-json\/wp\/v2\/pages\/315","targetHints":{"allow":["GET"]}}],"collection":[{"href":"https:\/\/aquaseen.pl\/index.php\/wp-json\/wp\/v2\/pages"}],"about":[{"href":"https:\/\/aquaseen.pl\/index.php\/wp-json\/wp\/v2\/types\/page"}],"author":[{"embeddable":true,"href":"https:\/\/aquaseen.pl\/index.php\/wp-json\/wp\/v2\/users\/1"}],"replies":[{"embeddable":true,"href":"https:\/\/aquaseen.pl\/index.php\/wp-json\/wp\/v2\/comments?post=315"}],"version-history":[{"count":16,"href":"https:\/\/aquaseen.pl\/index.php\/wp-json\/wp\/v2\/pages\/315\/revisions"}],"predecessor-version":[{"id":1263,"href":"https:\/\/aquaseen.pl\/index.php\/wp-json\/wp\/v2\/pages\/315\/revisions\/1263"}],"wp:attachment":[{"href":"https:\/\/aquaseen.pl\/index.php\/wp-json\/wp\/v2\/media?parent=315"}],"curies":[{"name":"wp","href":"https:\/\/api.w.org\/{rel}","templated":true}]}}