{"id":324,"date":"2023-11-13T11:10:52","date_gmt":"2023-11-13T10:10:52","guid":{"rendered":"https:\/\/serwer1391483.home.pl\/nowa\/?page_id=324"},"modified":"2024-01-16T23:24:27","modified_gmt":"2024-01-16T22:24:27","slug":"urzadzenia","status":"publish","type":"page","link":"https:\/\/aquaseen.pl\/index.php\/oferta\/urzadzenia\/","title":{"rendered":"Urz\u0105dzenia"},"content":{"rendered":"<div  class='flex_column av-je4ys-921e422c93b07b0bc54cb0e1781de68a av_one_full  avia-builder-el-0  el_before_av_one_half  avia-builder-el-first  first flex_column_div  '     ><p>\n<style type=\"text\/css\" data-created_by=\"avia_inline_auto\" id=\"style-css-av-lrafcryp-5791ac5b234034528a1e62306f8c0d7e\">\n#top .av-special-heading.av-lrafcryp-5791ac5b234034528a1e62306f8c0d7e{\npadding-bottom:10px;\n}\nbody .av-special-heading.av-lrafcryp-5791ac5b234034528a1e62306f8c0d7e .av-special-heading-tag .heading-char{\nfont-size:25px;\n}\n.av-special-heading.av-lrafcryp-5791ac5b234034528a1e62306f8c0d7e .av-subheading{\nfont-size:15px;\n}\n<\/style>\n<div  class='av-special-heading av-lrafcryp-5791ac5b234034528a1e62306f8c0d7e av-special-heading-h1 blockquote modern-quote modern-centered  avia-builder-el-1  el_before_av_hr  avia-builder-el-first '><h1 class='av-special-heading-tag'  itemprop=\"headline\"  >Urz\u0105dzenia<\/h1><div class=\"special-heading-border\"><div class=\"special-heading-inner-border\"><\/div><\/div><\/div><br \/>\n\n<style type=\"text\/css\" data-created_by=\"avia_inline_auto\" id=\"style-css-av-dh7uc-57be4c19284ce730b13d51dfa9ebcd7d\">\n#top .hr.av-dh7uc-57be4c19284ce730b13d51dfa9ebcd7d{\nmargin-top:5px;\nmargin-bottom:30px;\n}\n.hr.av-dh7uc-57be4c19284ce730b13d51dfa9ebcd7d .hr-inner{\nwidth:50px;\nborder-color:#efbb20;\n}\n<\/style>\n<div  class='hr av-dh7uc-57be4c19284ce730b13d51dfa9ebcd7d hr-custom  avia-builder-el-2  el_after_av_heading  el_before_av_textblock  hr-center hr-icon-no'><span class='hr-inner inner-border-av-border-fat'><span class=\"hr-inner-style\"><\/span><\/span><\/div><br \/>\n<section  class='av_textblock_section av-6tgo4-cf6807cb7bc8feb61e90d357dfecab6c '   itemscope=\"itemscope\" itemtype=\"https:\/\/schema.org\/CreativeWork\" ><div class='avia_textblock'  itemprop=\"text\" ><p style=\"text-align: center;\">Wybierz dzia\u0142 z poni\u017cszej listy aby zobaczy\u0107 szczeg\u00f3\u0142y<\/p>\n<\/div><\/section><\/p><\/div>\n\n<style type=\"text\/css\" data-created_by=\"avia_inline_auto\" id=\"style-css-av-lrafhr0t-a2fe7fc0fb31be5925000d852c6688cd\">\n#top .flex_column.av-lrafhr0t-a2fe7fc0fb31be5925000d852c6688cd{\nmargin-top:1px;\nmargin-bottom:1px;\n}\n.flex_column.av-lrafhr0t-a2fe7fc0fb31be5925000d852c6688cd{\nwidth:49.5%;\npadding:20px 20px 20px 20px;\nbackground:url(https:\/\/aquaseen.pl\/wp-content\/uploads\/2024\/01\/1-1.jpg) 50% 50% no-repeat scroll ;\n}\n.responsive #top #wrap_all .flex_column.av-lrafhr0t-a2fe7fc0fb31be5925000d852c6688cd{\nmargin-top:1px;\nmargin-bottom:1px;\n}\n<\/style>\n<div  class='flex_column av-lrafhr0t-a2fe7fc0fb31be5925000d852c6688cd av_one_half  avia-builder-el-4  el_after_av_one_full  el_before_av_one_half  realization-button first flex_column_div avia-full-stretch avia-link-column av-column-link  column-top-margin'    data-link-column-url=\"https:\/\/aquaseen.pl\/index.php\/oferta\/urzadzenia\/stacje-przygotowania-roztworow\/\"   ><a class=\"av-screen-reader-only\" href=https:\/\/aquaseen.pl\/index.php\/oferta\/urzadzenia\/stacje-przygotowania-roztworow\/ >Link to: Stacje przygotowywania roztwor\u00f3w<\/a><style type=\"text\/css\" data-created_by=\"avia_inline_auto\" id=\"style-css-av-lrafds8o-864f798b270e2fbea0ed72b6b4384a58\">\n#top .av_textblock_section.av-lrafds8o-864f798b270e2fbea0ed72b6b4384a58 .avia_textblock{\ncolor:#ffffff;\ntext-align:center;\n}\n<\/style>\n<section  class='av_textblock_section av-lrafds8o-864f798b270e2fbea0ed72b6b4384a58 '   itemscope=\"itemscope\" itemtype=\"https:\/\/schema.org\/CreativeWork\" ><div class='avia_textblock av_inherit_color'  itemprop=\"text\" ><h2>Stacje przygotowywania<br \/>\nroztwor\u00f3w<\/h2>\n<\/div><\/section><\/div>\n\n<style type=\"text\/css\" data-created_by=\"avia_inline_auto\" id=\"style-css-av-lrgx6awq-e028aff2a9fe4c8f1a7e77dd0aca3d4d\">\n#top .flex_column.av-lrgx6awq-e028aff2a9fe4c8f1a7e77dd0aca3d4d{\nmargin-top:1px;\nmargin-bottom:1px;\n}\n.flex_column.av-lrgx6awq-e028aff2a9fe4c8f1a7e77dd0aca3d4d{\nwidth:49.5%;\nmargin-left:1%;\npadding:20px 20px 20px 20px;\nbackground:url(https:\/\/aquaseen.pl\/wp-content\/uploads\/2023\/12\/zdjecie-nr-11-1030x721.jpg) 50% 50% no-repeat scroll ;\n}\n.responsive #top #wrap_all .flex_column.av-lrgx6awq-e028aff2a9fe4c8f1a7e77dd0aca3d4d{\nmargin-top:1px;\nmargin-bottom:1px;\n}\n<\/style>\n<div  class='flex_column av-lrgx6awq-e028aff2a9fe4c8f1a7e77dd0aca3d4d av_one_half  avia-builder-el-6  el_after_av_one_half  el_before_av_one_half  realization-button flex_column_div avia-full-stretch avia-link-column av-column-link  column-top-margin'    data-link-column-url=\"https:\/\/aquaseen.pl\/index.php\/oferta\/urzadzenia\/stacje-przygotowania-roztworow\/\"   ><a class=\"av-screen-reader-only\" href=https:\/\/aquaseen.pl\/index.php\/oferta\/urzadzenia\/stacje-przygotowania-roztworow\/ >Link to: Stacje przygotowywania roztwor\u00f3w<\/a><style type=\"text\/css\" data-created_by=\"avia_inline_auto\" id=\"style-css-av-lrgx3msu-edcdb2d69b6a577a3be3a94eb0deb3ad\">\n#top .av_textblock_section.av-lrgx3msu-edcdb2d69b6a577a3be3a94eb0deb3ad .avia_textblock{\ncolor:#ffffff;\ntext-align:center;\n}\n<\/style>\n<section  class='av_textblock_section av-lrgx3msu-edcdb2d69b6a577a3be3a94eb0deb3ad '   itemscope=\"itemscope\" itemtype=\"https:\/\/schema.org\/CreativeWork\" ><div class='avia_textblock av_inherit_color'  itemprop=\"text\" ><h2>Stacje uzdatniania wody demineralizacyjnej<\/h2>\n<\/div><\/section><\/div><div class='flex_column_table av-lraff3ch-349b7f1a6c74a47649753665bceb27a6 sc-av_one_half av-equal-height-column-flextable'>\n<style type=\"text\/css\" data-created_by=\"avia_inline_auto\" id=\"style-css-av-lraff3ch-349b7f1a6c74a47649753665bceb27a6\">\n#top .flex_column_table.av-equal-height-column-flextable.av-lraff3ch-349b7f1a6c74a47649753665bceb27a6{\nmargin-top:10px;\n}\n.flex_column.av-lraff3ch-349b7f1a6c74a47649753665bceb27a6{\nwidth:49.5%;\nmargin-left:0;\npadding:20px 20px 20px 20px;\nbackground:url(https:\/\/aquaseen.pl\/wp-content\/uploads\/2024\/01\/5-1.jpg) 50% 50% no-repeat scroll ;\n}\n#top .flex_column_table.av-equal-height-column-flextable.av-lraff3ch-349b7f1a6c74a47649753665bceb27a6 .av-flex-placeholder{\nwidth:1%;\n}\n<\/style>\n<div  class='flex_column av-lraff3ch-349b7f1a6c74a47649753665bceb27a6 av_one_half  avia-builder-el-8  el_after_av_one_half  el_before_av_one_half  realization-button first flex_column_table_cell av-equal-height-column av-align-middle avia-full-stretch avia-link-column av-column-link  column-top-margin'    data-link-column-url=\"https:\/\/aquaseen.pl\/index.php\/oferta\/urzadzenia\/dezynfekcja\/\"   ><a class=\"av-screen-reader-only\" href=https:\/\/aquaseen.pl\/index.php\/oferta\/urzadzenia\/dezynfekcja\/ >Link to: Dezynfekcja<\/a><style type=\"text\/css\" data-created_by=\"avia_inline_auto\" id=\"style-css-av-lrafcdw3-a0ba3079a45fe9053758d48a9a0bcfd9\">\n#top .av_textblock_section.av-lrafcdw3-a0ba3079a45fe9053758d48a9a0bcfd9 .avia_textblock{\ncolor:#ffffff;\ntext-align:center;\n}\n<\/style>\n<section  class='av_textblock_section av-lrafcdw3-a0ba3079a45fe9053758d48a9a0bcfd9 '   itemscope=\"itemscope\" itemtype=\"https:\/\/schema.org\/CreativeWork\" ><div class='avia_textblock av_inherit_color'  itemprop=\"text\" ><h2>Dezynfekcja<\/h2>\n<\/div><\/section><\/div><\/p>\n<div class='av-flex-placeholder'><\/div>\n<style type=\"text\/css\" data-created_by=\"avia_inline_auto\" id=\"style-css-av-lraffmdj-723cd8e22d5aa7020ebaaabd925f339d\">\n#top .flex_column_table.av-equal-height-column-flextable.av-lraffmdj-723cd8e22d5aa7020ebaaabd925f339d{\nmargin-top:10px;\n}\n.flex_column.av-lraffmdj-723cd8e22d5aa7020ebaaabd925f339d{\nwidth:49.5%;\nmargin-left:0;\npadding:20px 20px 20px 20px;\nbackground:url(https:\/\/aquaseen.pl\/wp-content\/uploads\/2024\/01\/3-1.jpg) 50% 50% no-repeat scroll ;\n}\n#top .flex_column_table.av-equal-height-column-flextable.av-lraffmdj-723cd8e22d5aa7020ebaaabd925f339d .av-flex-placeholder{\nwidth:1%;\n}\n<\/style>\n<div  class='flex_column av-lraffmdj-723cd8e22d5aa7020ebaaabd925f339d av_one_half  avia-builder-el-10  el_after_av_one_half  el_before_av_one_half  realization-button flex_column_table_cell av-equal-height-column av-align-middle avia-full-stretch avia-link-column av-column-link  column-top-margin'    data-link-column-url=\"https:\/\/aquaseen.pl\/index.php\/oferta\/urzadzenia\/dozowanie\/\"   ><a class=\"av-screen-reader-only\" href=https:\/\/aquaseen.pl\/index.php\/oferta\/urzadzenia\/dozowanie\/ >Link to: Dozowanie<\/a><style type=\"text\/css\" data-created_by=\"avia_inline_auto\" id=\"style-css-av-lrafch8p-0e295c3770538e3128cd83532d619734\">\n#top .av_textblock_section.av-lrafch8p-0e295c3770538e3128cd83532d619734 .avia_textblock{\ncolor:#ffffff;\ntext-align:center;\n}\n<\/style>\n<section  class='av_textblock_section av-lrafch8p-0e295c3770538e3128cd83532d619734 '   itemscope=\"itemscope\" itemtype=\"https:\/\/schema.org\/CreativeWork\" ><div class='avia_textblock av_inherit_color'  itemprop=\"text\" ><h2>Dozowanie<\/h2>\n<\/div><\/section><\/div><\/div><!--close column table wrapper. Autoclose: 1 -->\n<div class='flex_column_table av-lrafgei3-48a3ae816d3321ed15c5b1aba296a410 sc-av_one_half av-equal-height-column-flextable'>\n<style type=\"text\/css\" data-created_by=\"avia_inline_auto\" id=\"style-css-av-lrafgei3-48a3ae816d3321ed15c5b1aba296a410\">\n#top .flex_column_table.av-equal-height-column-flextable.av-lrafgei3-48a3ae816d3321ed15c5b1aba296a410{\nmargin-top:10px;\nmargin-bottom:10px;\n}\n.flex_column.av-lrafgei3-48a3ae816d3321ed15c5b1aba296a410{\nwidth:49.5%;\nmargin-left:0;\npadding:20px 20px 20px 20px;\nbackground:url(https:\/\/aquaseen.pl\/wp-content\/uploads\/2023\/11\/SE-PREF-1030x687.jpg) 50% 50% no-repeat scroll ;\n}\n#top .flex_column_table.av-equal-height-column-flextable.av-lrafgei3-48a3ae816d3321ed15c5b1aba296a410 .av-flex-placeholder{\nwidth:1%;\n}\n<\/style>\n<div  class='flex_column av-lrafgei3-48a3ae816d3321ed15c5b1aba296a410 av_one_half  avia-builder-el-12  el_after_av_one_half  el_before_av_one_half  realization-button first flex_column_table_cell av-equal-height-column av-align-middle avia-full-stretch avia-link-column av-column-link  column-top-margin'    data-link-column-url=\"https:\/\/aquaseen.pl\/index.php\/oferta\/urzadzenia\/filtracja\/\"   ><a class=\"av-screen-reader-only\" href=https:\/\/aquaseen.pl\/index.php\/oferta\/urzadzenia\/filtracja\/ >Link to: Filtracja<\/a><style type=\"text\/css\" data-created_by=\"avia_inline_auto\" id=\"style-css-av-lrafcz7p-10c75c7bed6545e1d9b6c5934f3397e6\">\n#top .av_textblock_section.av-lrafcz7p-10c75c7bed6545e1d9b6c5934f3397e6 .avia_textblock{\ncolor:#ffffff;\ntext-align:center;\n}\n<\/style>\n<section  class='av_textblock_section av-lrafcz7p-10c75c7bed6545e1d9b6c5934f3397e6 '   itemscope=\"itemscope\" itemtype=\"https:\/\/schema.org\/CreativeWork\" ><div class='avia_textblock av_inherit_color'  itemprop=\"text\" ><h2>Filtracja<\/h2>\n<\/div><\/section><\/div>\n<div class='av-flex-placeholder'><\/div>\n<style type=\"text\/css\" data-created_by=\"avia_inline_auto\" id=\"style-css-av-lrafgwe5-e5ea3948ead2e8231b3346729f780d7b\">\n#top .flex_column_table.av-equal-height-column-flextable.av-lrafgwe5-e5ea3948ead2e8231b3346729f780d7b{\nmargin-top:10px;\nmargin-bottom:10px;\n}\n.flex_column.av-lrafgwe5-e5ea3948ead2e8231b3346729f780d7b{\nwidth:49.5%;\nmargin-left:0;\npadding:20px 20px 20px 20px;\nbackground:url(https:\/\/aquaseen.pl\/wp-content\/uploads\/2024\/01\/4-1.jpg) 50% 50% no-repeat scroll ;\n}\n#top .flex_column_table.av-equal-height-column-flextable.av-lrafgwe5-e5ea3948ead2e8231b3346729f780d7b .av-flex-placeholder{\nwidth:1%;\n}\n<\/style>\n<div  class='flex_column av-lrafgwe5-e5ea3948ead2e8231b3346729f780d7b av_one_half  avia-builder-el-14  el_after_av_one_half  el_before_av_one_half  realization-button flex_column_table_cell av-equal-height-column av-align-middle avia-full-stretch avia-link-column av-column-link  column-top-margin'    data-link-column-url=\"https:\/\/aquaseen.pl\/index.php\/oferta\/urzadzenia\/mieszanie\/\"   ><a class=\"av-screen-reader-only\" href=https:\/\/aquaseen.pl\/index.php\/oferta\/urzadzenia\/mieszanie\/ >Link to: Mieszanie<\/a><style type=\"text\/css\" data-created_by=\"avia_inline_auto\" id=\"style-css-av-lrafd2un-6b738b495f889a8f54c149f54be3c6f5\">\n#top .av_textblock_section.av-lrafd2un-6b738b495f889a8f54c149f54be3c6f5 .avia_textblock{\ncolor:#ffffff;\ntext-align:center;\n}\n<\/style>\n<section  class='av_textblock_section av-lrafd2un-6b738b495f889a8f54c149f54be3c6f5 '   itemscope=\"itemscope\" itemtype=\"https:\/\/schema.org\/CreativeWork\" ><div class='avia_textblock av_inherit_color'  itemprop=\"text\" ><h2>Mieszanie<\/h2>\n<\/div><\/section><\/div><\/div><!--close column table wrapper. Autoclose: 1 -->\n<div class='flex_column_table av-lrafhaon-5693d89eeee3b49a2053041a527fb986 sc-av_one_half av-equal-height-column-flextable'>\n<style type=\"text\/css\" data-created_by=\"avia_inline_auto\" id=\"style-css-av-lrafhaon-5693d89eeee3b49a2053041a527fb986\">\n#top .flex_column_table.av-equal-height-column-flextable.av-lrafhaon-5693d89eeee3b49a2053041a527fb986{\nmargin-top:1px;\nmargin-bottom:1px;\n}\n.flex_column.av-lrafhaon-5693d89eeee3b49a2053041a527fb986{\nwidth:49.5%;\nmargin-left:0;\npadding:20px 20px 20px 20px;\nbackground:url(https:\/\/aquaseen.pl\/wp-content\/uploads\/2024\/01\/13-1.jpg) 50% 50% no-repeat scroll ;\n}\n#top .flex_column_table.av-equal-height-column-flextable.av-lrafhaon-5693d89eeee3b49a2053041a527fb986 .av-flex-placeholder{\nwidth:1%;\n}\n<\/style>\n<div  class='flex_column av-lrafhaon-5693d89eeee3b49a2053041a527fb986 av_one_half  avia-builder-el-16  el_after_av_one_half  el_before_av_one_half  realization-button first flex_column_table_cell av-equal-height-column av-align-middle avia-full-stretch avia-link-column av-column-link  column-top-margin'    data-link-column-url=\"https:\/\/aquaseen.pl\/index.php\/oferta\/urzadzenia\/napowietrzanie\/\"   ><a class=\"av-screen-reader-only\" href=https:\/\/aquaseen.pl\/index.php\/oferta\/urzadzenia\/napowietrzanie\/ >Link to: Napowietrzanie<\/a><style type=\"text\/css\" data-created_by=\"avia_inline_auto\" id=\"style-css-av-lrafdhzx-44fb5939c4b8ddaee33925e372c8bc67\">\n#top .av_textblock_section.av-lrafdhzx-44fb5939c4b8ddaee33925e372c8bc67 .avia_textblock{\ncolor:#ffffff;\ntext-align:center;\n}\n<\/style>\n<section  class='av_textblock_section av-lrafdhzx-44fb5939c4b8ddaee33925e372c8bc67 '   itemscope=\"itemscope\" itemtype=\"https:\/\/schema.org\/CreativeWork\" ><div class='avia_textblock av_inherit_color'  itemprop=\"text\" ><h2>Napowietrzanie<\/h2>\n<\/div><\/section><\/div>\n<div class='av-flex-placeholder'><\/div>\n<style type=\"text\/css\" data-created_by=\"avia_inline_auto\" id=\"style-css-av-av_one_half-6e494accc86cb29966a5a7c95bf66c88\">\n#top .flex_column_table.av-equal-height-column-flextable.av-av_one_half-6e494accc86cb29966a5a7c95bf66c88{\nmargin-top:1px;\nmargin-bottom:1px;\n}\n.flex_column.av-av_one_half-6e494accc86cb29966a5a7c95bf66c88{\nwidth:49.5%;\nmargin-left:0;\n}\n#top .flex_column_table.av-equal-height-column-flextable.av-av_one_half-6e494accc86cb29966a5a7c95bf66c88 .av-flex-placeholder{\nwidth:1%;\n}\n<\/style>\n<div  class='flex_column av-av_one_half-6e494accc86cb29966a5a7c95bf66c88 av_one_half  avia-builder-el-18  el_after_av_one_half  avia-builder-el-last  flex_column_table_cell av-equal-height-column av-align-middle  column-top-margin'     ><\/div><\/div><!--close column table wrapper. Autoclose: 1 -->\n","protected":false},"excerpt":{"rendered":"","protected":false},"author":1,"featured_media":0,"parent":313,"menu_order":0,"comment_status":"closed","ping_status":"closed","template":"","meta":{"inline_featured_image":false,"footnotes":""},"class_list":["post-324","page","type-page","status-publish","hentry"],"_links":{"self":[{"href":"https:\/\/aquaseen.pl\/index.php\/wp-json\/wp\/v2\/pages\/324","targetHints":{"allow":["GET"]}}],"collection":[{"href":"https:\/\/aquaseen.pl\/index.php\/wp-json\/wp\/v2\/pages"}],"about":[{"href":"https:\/\/aquaseen.pl\/index.php\/wp-json\/wp\/v2\/types\/page"}],"author":[{"embeddable":true,"href":"https:\/\/aquaseen.pl\/index.php\/wp-json\/wp\/v2\/users\/1"}],"replies":[{"embeddable":true,"href":"https:\/\/aquaseen.pl\/index.php\/wp-json\/wp\/v2\/comments?post=324"}],"version-history":[{"count":12,"href":"https:\/\/aquaseen.pl\/index.php\/wp-json\/wp\/v2\/pages\/324\/revisions"}],"predecessor-version":[{"id":1024,"href":"https:\/\/aquaseen.pl\/index.php\/wp-json\/wp\/v2\/pages\/324\/revisions\/1024"}],"up":[{"embeddable":true,"href":"https:\/\/aquaseen.pl\/index.php\/wp-json\/wp\/v2\/pages\/313"}],"wp:attachment":[{"href":"https:\/\/aquaseen.pl\/index.php\/wp-json\/wp\/v2\/media?parent=324"}],"curies":[{"name":"wp","href":"https:\/\/api.w.org\/{rel}","templated":true}]}}