{"id":882,"date":"2024-01-11T11:12:08","date_gmt":"2024-01-11T10:12:08","guid":{"rendered":"https:\/\/serwer1391483.home.pl\/nowa\/?page_id=882"},"modified":"2024-01-12T09:37:56","modified_gmt":"2024-01-12T08:37:56","slug":"mieszanie","status":"publish","type":"page","link":"https:\/\/aquaseen.pl\/index.php\/oferta\/urzadzenia\/mieszanie\/","title":{"rendered":"Mieszanie"},"content":{"rendered":"<div id='av_section_1'  class='avia-section av-av_section-bd34b23a4ae38ee402e30b2a00284812 main_color avia-section-default avia-no-border-styling  avia-builder-el-0  el_before_av_one_half  avia-builder-el-first  avia-bg-style-scroll container_wrap sidebar_right'  ><div class='container av-section-cont-open' ><main  role=\"main\" itemprop=\"mainContentOfPage\"  class='template-page content  av-content-small alpha units'><div class='post-entry post-entry-type-page post-entry-882'><div class='entry-content-wrapper clearfix'>\n<div  class='flex_column av-av_one_full-d6d4c73de305a8665702a8c43a39b6de av_one_full  avia-builder-el-1  avia-builder-el-no-sibling  first flex_column_div  '     ><style type=\"text\/css\" data-created_by=\"avia_inline_auto\" id=\"style-css-av-lr91y2b4-468f618b7d42b2ccfbf3165904c5b193\">\n#top .av-special-heading.av-lr91y2b4-468f618b7d42b2ccfbf3165904c5b193{\npadding-bottom:10px;\n}\nbody .av-special-heading.av-lr91y2b4-468f618b7d42b2ccfbf3165904c5b193 .av-special-heading-tag .heading-char{\nfont-size:25px;\n}\n.av-special-heading.av-lr91y2b4-468f618b7d42b2ccfbf3165904c5b193 .av-subheading{\nfont-size:15px;\n}\n<\/style>\n<div  class='av-special-heading av-lr91y2b4-468f618b7d42b2ccfbf3165904c5b193 av-special-heading-h1 blockquote modern-quote modern-centered  avia-builder-el-2  avia-builder-el-no-sibling '><div class='av-subheading av-subheading_above'><p>Urz\u0105dzenia<\/p>\n<\/div><h1 class='av-special-heading-tag'  itemprop=\"headline\"  >Mieszanie<\/h1><div class=\"special-heading-border\"><div class=\"special-heading-inner-border\"><\/div><\/div><\/div><\/div><\/div><\/div><\/main><!-- close content main element --><\/div><\/div><div id='after_section_1'  class='main_color av_default_container_wrap container_wrap sidebar_right'  ><div class='container av-section-cont-open' ><div class='template-page content  av-content-small alpha units'><div class='post-entry post-entry-type-page post-entry-882'><div class='entry-content-wrapper clearfix'><div  class='flex_column av-av_one_half-d6d4c73de305a8665702a8c43a39b6de av_one_half  avia-builder-el-3  el_after_av_section  el_before_av_one_half  avia-builder-el-first  first flex_column_div  '     ><style type=\"text\/css\" data-created_by=\"avia_inline_auto\" id=\"style-css-av-lr922ded-067eb5119f6cf49abe2dcc7f89a7a34a\">\n#top .av_textblock_section.av-lr922ded-067eb5119f6cf49abe2dcc7f89a7a34a .avia_textblock{\nfont-size:20px;\n}\n<\/style>\n<section  class='av_textblock_section av-lr922ded-067eb5119f6cf49abe2dcc7f89a7a34a '   itemscope=\"itemscope\" itemtype=\"https:\/\/schema.org\/CreativeWork\" ><div class='avia_textblock'  itemprop=\"text\" ><p>AQUA SEEN Sp. z o.o. jest dystrybutorem mieszade\u0142 marki Milton Roy oraz producentem w\u0142asnych urz\u0105dze\u0144. W zakresie dzia\u0142alno\u015bci prowadzimy pe\u0142en proces in\u017cynierski zwi\u0105zany z odpowiednim doborem urz\u0105dzenia do warunk\u00f3w pracy oraz zada\u0144 technologicznych. W wyj\u0105tkowych sytuacjach projektujemy oraz produkujemy nasze autorskie urz\u0105dzenia. Wykonujemy symulacj\u0119 CFD pracy mieszad\u0142a, analiz\u0119 wytrzyma\u0142o\u015bciow\u0105 konstrukcji mieszade\u0142.<\/p>\n<\/div><\/section><\/div><div  class='flex_column av-av_one_half-6e494accc86cb29966a5a7c95bf66c88 av_one_half  avia-builder-el-5  el_after_av_one_half  el_before_av_section  avia-builder-el-last  flex_column_div  '     ><style type=\"text\/css\" data-created_by=\"avia_inline_auto\" id=\"style-css-av-lr92bagr-7d491d4868ef28e656a17aefb76c33c3\">\n@keyframes av_boxShadowEffect_av-lr92bagr-7d491d4868ef28e656a17aefb76c33c3 {\n0%   { box-shadow:  0 0 0 0 ; opacity: 1; }\n100% { box-shadow:  0 0 20px 0 ; opacity: 1; }\n}\n.avia-image-container.av-lr92bagr-7d491d4868ef28e656a17aefb76c33c3 img.avia_image{\nbox-shadow: 0 0 20px 0 ;\n}\n.avia-image-container.av-lr92bagr-7d491d4868ef28e656a17aefb76c33c3 .av-image-caption-overlay-center{\ncolor:#ffffff;\n}\n<\/style>\n<div  class='avia-image-container av-lr92bagr-7d491d4868ef28e656a17aefb76c33c3 av-styling- avia-align-center  avia-builder-el-6  avia-builder-el-no-sibling  av-img-box-shadow av-box-shadow-not-animated'   itemprop=\"image\" itemscope=\"itemscope\" itemtype=\"https:\/\/schema.org\/ImageObject\" ><div class=\"avia-image-container-inner\"><div class=\"avia-image-overlay-wrap\"><img decoding=\"async\" fetchpriority=\"high\" class='wp-image-902 avia-img-lazy-loading-not-902 avia_image shadow-not-animated' src=\"https:\/\/aquaseen.pl\/wp-content\/uploads\/2024\/01\/4-1.jpg\" alt='' title='4'  height=\"477\" width=\"720\"  itemprop=\"thumbnailUrl\" srcset=\"https:\/\/aquaseen.pl\/wp-content\/uploads\/2024\/01\/4-1.jpg 720w, https:\/\/aquaseen.pl\/wp-content\/uploads\/2024\/01\/4-1-300x199.jpg 300w, https:\/\/aquaseen.pl\/wp-content\/uploads\/2024\/01\/4-1-705x467.jpg 705w\" sizes=\"(max-width: 720px) 100vw, 720px\" \/><\/div><\/div><\/div><\/div><\/div><\/div><\/div><!-- close content main div --><\/div><\/div><div id='av_section_2'  class='avia-section av-av_section-bd34b23a4ae38ee402e30b2a00284812 main_color avia-section-default avia-no-border-styling  avia-builder-el-7  el_after_av_one_half  el_before_av_one_full  avia-bg-style-scroll container_wrap sidebar_right'  ><div class='container av-section-cont-open' ><div class='template-page content  av-content-small alpha units'><div class='post-entry post-entry-type-page post-entry-882'><div class='entry-content-wrapper clearfix'>\n<div  class='flex_column av-av_one_fourth-d6d4c73de305a8665702a8c43a39b6de av_one_fourth  avia-builder-el-8  el_before_av_one_half  avia-builder-el-first  first flex_column_div  '     ><\/div><div  class='flex_column av-av_one_half-6e494accc86cb29966a5a7c95bf66c88 av_one_half  avia-builder-el-9  el_after_av_one_fourth  el_before_av_one_fourth  flex_column_div  '     ><style type=\"text\/css\" data-created_by=\"avia_inline_auto\" id=\"style-css-av-lr9206bh-88222fb0fb5658ccad3869a64f7ca93c\">\n#top .av_textblock_section.av-lr9206bh-88222fb0fb5658ccad3869a64f7ca93c .avia_textblock{\nfont-size:16px;\n}\n<\/style>\n<section  class='av_textblock_section av-lr9206bh-88222fb0fb5658ccad3869a64f7ca93c '   itemscope=\"itemscope\" itemtype=\"https:\/\/schema.org\/CreativeWork\" ><div class='avia_textblock'  itemprop=\"text\" ><p><strong>W naszej ofercie znajduj\u0105 si\u0119 mi\u0119dzy innymi:<\/strong><\/p>\n<ol>\n<li>mieszad\u0142a pionowe, wolno i szybkoobrotowe,<\/li>\n<li>mieszad\u0142a o zmiennej geometrii propeller\u00f3w,<\/li>\n<li>mieszad\u0142a boczne,<\/li>\n<li>stacje mieszaj\u0105ce,<\/li>\n<li>stacje przygotowania roztwor\u00f3w.<\/li>\n<\/ol>\n<p>Materia\u0142y konstrukcyjne oraz parametry techniczne urz\u0105dzenia dobierane s\u0105 za ka\u017cdym razem pod konkretne zapytanie.<\/p>\n<p>Niezb\u0119dne do przygotowania dane to przede wszystkim:<\/p>\n<ol>\n<li>geometria oraz gabaryty zbiornika,<\/li>\n<li>parametry medium: rodzaj, g\u0119sto\u015b\u0107, lepko\u015b\u0107, temperatura,<\/li>\n<li>zadanie technologiczne jakie ma realizowa\u0107 mieszad\u0142o.<\/li>\n<\/ol>\n<\/div><\/section><\/div><div  class='flex_column av-av_one_fourth-6e494accc86cb29966a5a7c95bf66c88 av_one_fourth  avia-builder-el-11  el_after_av_one_half  avia-builder-el-last  flex_column_div  '     ><\/div><\/div><\/div><\/div><!-- close content main div --><\/div><\/div><div id='after_section_2'  class='main_color av_default_container_wrap container_wrap sidebar_right'  ><div class='container av-section-cont-open' ><div class='template-page content  av-content-small alpha units'><div class='post-entry post-entry-type-page post-entry-882'><div class='entry-content-wrapper clearfix'><div  class='flex_column av-av_one_full-d6d4c73de305a8665702a8c43a39b6de av_one_full  avia-builder-el-12  el_after_av_section  avia-builder-el-no-sibling  first flex_column_div  '     ><style type=\"text\/css\" data-created_by=\"avia_inline_auto\" id=\"style-css-av-lr92d8dz-43617e3acf68c693f1a9326665c6d43f\">\n#top .av_textblock_section.av-lr92d8dz-43617e3acf68c693f1a9326665c6d43f .avia_textblock{\nfont-size:16px;\ntext-align:center;\n}\n<\/style>\n<section  class='av_textblock_section av-lr92d8dz-43617e3acf68c693f1a9326665c6d43f '   itemscope=\"itemscope\" itemtype=\"https:\/\/schema.org\/CreativeWork\" ><div class='avia_textblock'  itemprop=\"text\" ><p><em>W celu uzyskania szczeg\u00f3\u0142owych informacji prosimy o kontakt z <a href=\"mailto:dawid.jankowski@aquaseen.pl\">dawid.jankowski@aquaseen.pl<\/a><\/em><\/p>\n<\/div><\/section><\/div><\/p>\n","protected":false},"excerpt":{"rendered":"","protected":false},"author":1,"featured_media":0,"parent":324,"menu_order":0,"comment_status":"closed","ping_status":"closed","template":"","meta":{"inline_featured_image":false,"footnotes":""},"class_list":["post-882","page","type-page","status-publish","hentry"],"_links":{"self":[{"href":"https:\/\/aquaseen.pl\/index.php\/wp-json\/wp\/v2\/pages\/882","targetHints":{"allow":["GET"]}}],"collection":[{"href":"https:\/\/aquaseen.pl\/index.php\/wp-json\/wp\/v2\/pages"}],"about":[{"href":"https:\/\/aquaseen.pl\/index.php\/wp-json\/wp\/v2\/types\/page"}],"author":[{"embeddable":true,"href":"https:\/\/aquaseen.pl\/index.php\/wp-json\/wp\/v2\/users\/1"}],"replies":[{"embeddable":true,"href":"https:\/\/aquaseen.pl\/index.php\/wp-json\/wp\/v2\/comments?post=882"}],"version-history":[{"count":10,"href":"https:\/\/aquaseen.pl\/index.php\/wp-json\/wp\/v2\/pages\/882\/revisions"}],"predecessor-version":[{"id":921,"href":"https:\/\/aquaseen.pl\/index.php\/wp-json\/wp\/v2\/pages\/882\/revisions\/921"}],"up":[{"embeddable":true,"href":"https:\/\/aquaseen.pl\/index.php\/wp-json\/wp\/v2\/pages\/324"}],"wp:attachment":[{"href":"https:\/\/aquaseen.pl\/index.php\/wp-json\/wp\/v2\/media?parent=882"}],"curies":[{"name":"wp","href":"https:\/\/api.w.org\/{rel}","templated":true}]}}